{"id":1041,"date":"2025-06-12T00:19:34","date_gmt":"2025-06-12T00:19:34","guid":{"rendered":"https:\/\/technov8s.com\/blog-insights\/"},"modified":"2025-10-03T18:16:45","modified_gmt":"2025-10-03T18:16:45","slug":"blog","status":"publish","type":"page","link":"https:\/\/technov8s.com\/fr\/blog\/","title":{"rendered":"Blog &amp; Analyses"},"content":{"rendered":"<div class=\"oxy-container-1041-101 oxy-container posts-container-reap\"><div class=\"bde-post-list-1041-103 bde-post-list\">\n    <div class=\"bde-isotope-filter-bar\">\n        <div class=\"bde-tabs\">\n            \n\n        \n  \n  \n  <div class=\"bde-tabs__tabslist-container bde-tabs__tabslist-container--scrollable is-horizontal js-tabs-container\">\n    <div class=\"bde-tabs__tabslist bde-tabs__tabslist--default js-tablist\" role=\"tablist\" aria-label=\"Content tabs\" aria-orientation=\"horizontal\" data-tabs-id=\"isotope\">\n      \n              <button role=\"tab\" aria-selected=\"false\" class=\"bde-tabs__tab js-tab\" aria-controls=\"tab-panel-isotope-1\" id=\"tab-isotope-1\" data-value=\"13\">\n                    <span class=\"bde-tabs__tab-title\">Security<\/span>\n        <\/button>\n          <\/div>\n  <\/div>\n\n\n        <\/div>\n    <\/div>\n<div class=\"bde-loop bde-loop-grid ee-posts ee-posts-grid bde-loop-isotope ee-posts-isotope\">    <article class=\"bde-loop-item ee-post\" data-filters=\"13\">\n                                <a class=\"bde-loop-item__image-link ee-post-image-link \" href=\"https:\/\/technov8s.com\/fr\/vulnerabilite-critique-de-sharepoint-attaques-actives-detectees-comment-proteger-votre-entreprise\/\" aria-label=\"Vuln\u00e9rabilit\u00e9 critique de SharePoint : attaques actives d\u00e9tect\u00e9es \u2013 comment prot\u00e9ger votre entreprise\">\n                <div class=\"bde-loop-item__image ee-post-image\">\n                    <img loading=\"lazy\" decoding=\"async\" width=\"689\" height=\"400\" src=\"https:\/\/technov8s.com\/wp-content\/uploads\/2025\/07\/Technov8_Solutions-microsoft-Sharepoint_security.webp\" class=\"attachment-full size-full wp-post-image\" alt=\"\" srcset=\"https:\/\/technov8s.com\/wp-content\/uploads\/2025\/07\/Technov8_Solutions-microsoft-Sharepoint_security.webp 689w, https:\/\/technov8s.com\/wp-content\/uploads\/2025\/07\/Technov8_Solutions-microsoft-Sharepoint_security-300x174.webp 300w\" sizes=\"auto, (max-width: 689px) 100vw, 689px\" \/>                <\/div>\n            <\/a>\n        \n        \n        <div class=\"bde-loop-item__wrap ee-post-wrap\">\n            \n                            <h3 class=\"ee-post-title\">\n                    <a class=\"bde-loop-item__title-link ee-post-title-link\" href=\"https:\/\/technov8s.com\/fr\/vulnerabilite-critique-de-sharepoint-attaques-actives-detectees-comment-proteger-votre-entreprise\/\" >\n                        Vuln\u00e9rabilit\u00e9 critique de SharePoint : attaques actives d\u00e9tect\u00e9es \u2013 comment prot\u00e9ger votre entreprise                    <\/a>\n                <\/h3>\n                            <div class=\"bde-loop-item__post-meta ee-post-meta\">\n                                                                                <span class=\"bde-loop-item__meta-item bde-loop-item__meta-author ee-post-meta-author ee-post-meta-item\">admin<\/span>\n                                                                                                                <span class=\"bde-loop-item__meta-date bde-loop-item__meta-item ee-post-meta-date ee-post-meta-item\">\n                                    juillet 26, 2025                                <\/span>\n                                                \n                <\/div>\n                            <div class=\"bde-loop-item__content ee-post-content\">\n                    \ud83d\udee1\ufe0f Qu\u2019est-ce que ToolShell ? En juillet 2025, Microsoft et la CISA (agence am\u00e9ricaine de cybers\u00e9curit\u00e9) ont confirm\u00e9 qu\u2019un groupe de pirates exploite activement une faille critique appel\u00e9e ToolShell. Cette\u2026                <\/div>\n            \n    \n                                    \n    \n    \n    \n    \n            \n                    \n            \n            \n\n    \n    \n    \n    \n    \n    <a class=\"breakdance-link button-atom button-atom--primary bde-loop-item__button ee-post-button\" href=\"https:\/\/technov8s.com\/fr\/vulnerabilite-critique-de-sharepoint-attaques-actives-detectees-comment-proteger-votre-entreprise\/\" target=\"_self\" data-type=\"\"  >\n\n    \n        <span class=\"button-atom__text\">En savoir plus<\/span>\n\n        \n        \n                <\/a>\n\n    \n\n\n\n\n            \n        <\/div>\n\n    <\/article>\n\n<div class=\"bde-loop-item-gutter ee-post-gutter\"><\/div><div class=\"bde-loop-item-sizer ee-post-sizer\"><\/div><\/div>\n<\/div><\/div>","protected":false},"excerpt":{"rendered":"","protected":false},"author":1,"featured_media":0,"parent":0,"menu_order":0,"comment_status":"closed","ping_status":"closed","template":"","meta":{"_oxygen_hide_in_design_set":false,"_oxygen_tags":"","footnotes":""},"class_list":["post-1041","page","type-page","status-publish","hentry"],"_links":{"self":[{"href":"https:\/\/technov8s.com\/fr\/wp-json\/wp\/v2\/pages\/1041","targetHints":{"allow":["GET"]}}],"collection":[{"href":"https:\/\/technov8s.com\/fr\/wp-json\/wp\/v2\/pages"}],"about":[{"href":"https:\/\/technov8s.com\/fr\/wp-json\/wp\/v2\/types\/page"}],"author":[{"embeddable":true,"href":"https:\/\/technov8s.com\/fr\/wp-json\/wp\/v2\/users\/1"}],"replies":[{"embeddable":true,"href":"https:\/\/technov8s.com\/fr\/wp-json\/wp\/v2\/comments?post=1041"}],"version-history":[{"count":5,"href":"https:\/\/technov8s.com\/fr\/wp-json\/wp\/v2\/pages\/1041\/revisions"}],"predecessor-version":[{"id":1052,"href":"https:\/\/technov8s.com\/fr\/wp-json\/wp\/v2\/pages\/1041\/revisions\/1052"}],"wp:attachment":[{"href":"https:\/\/technov8s.com\/fr\/wp-json\/wp\/v2\/media?parent=1041"}],"curies":[{"name":"wp","href":"https:\/\/api.w.org\/{rel}","templated":true}]}}