{"id":779,"date":"2025-06-12T00:08:20","date_gmt":"2025-06-12T00:08:20","guid":{"rendered":"https:\/\/technov8s.com\/client-portal\/"},"modified":"2025-09-16T13:50:17","modified_gmt":"2025-09-16T13:50:17","slug":"portails-clients","status":"publish","type":"page","link":"https:\/\/technov8s.com\/fr\/portails-clients\/","title":{"rendered":"Portails Clients"},"content":{"rendered":"<div class=\"oxy-container-779-104 oxy-container container-9\"><div class=\"bde-columns-779-118 bde-columns\"><div class=\"bde-column-779-119 bde-column\">\n  \n  \n\t\n\n\n\n<h1 class=\"bde-heading-779-117 bde-heading hero-heading\">\nPortails Clients S\u00e9curis\u00e9s et Personnalis\u00e9s\n<\/h1><div class=\"oxy-text-779-121 oxy-text hero-subheader-white\">\nOffrez une exp\u00e9rience self-service fluide : acc\u00e8s aux documents, soumissions et suivi 24h\/24 \u2013 7j\/7\n<\/div><div class=\"bde-button-779-122 bde-button cta-button\">\n    \n                                    \n    \n    \n    \n    \n            \n                    \n            \n            \n\n    \n    \n    \n    \n    \n    <a class=\"breakdance-link button-atom button-atom--primary bde-button__button\" href=\"https:\/\/outlook.office.com\/book\/Technov8Solutions@technov8s.com\/s\/bDWtmoX5R0ylh6UUqLezDQ2?ismsaljsauthenabled\" target=\"_self\" data-type=\"url\"  >\n\n    \n        <span class=\"button-atom__text\">Planifiez votre appel strat\u00e9gique Portail Clients<\/span>\n\n        \n        \n                <\/a>\n\n    \n\n\n<\/div>\n<\/div><div class=\"bde-column-779-120 bde-column\">\n  \n  \n\t\n\n\n\n<img decoding=\"async\" class=\"oxy-image-779-123 oxy-image\" src=\"https:\/\/technov8s.com\/wp-content\/uploads\/2025\/07\/CRM_SYSTEM_TECHNOV8-300x300.webp\" alt=\"CRM system dashboard \u2014 client and lead management automation for Canadian SMEs\" loading=\"lazy\" srcset=\"https:\/\/technov8s.com\/wp-content\/uploads\/2025\/07\/CRM_SYSTEM_TECHNOV8-300x300.webp 300w, https:\/\/technov8s.com\/wp-content\/uploads\/2025\/07\/CRM_SYSTEM_TECHNOV8-150x150.webp 150w\" sizes=\"(max-width: 300px) 100vw, 300px\">\n<\/div><\/div><\/div><div class=\"oxy-container-779-106 oxy-container container-body-white-bg\"><h2 class=\"bde-heading-779-107 bde-heading heading-body\">\nAper\u00e7u\n<\/h2><div class=\"oxy-text-779-108 oxy-text body-text\">\nNotre service Portail Client con\u00e7oit et d\u00e9ploie des solutions Power Pages s\u00e9curis\u00e9es, th\u00e9matis\u00e9es \u00e0 votre image, avec authentification entreprise\u2014pour un acc\u00e8s professionnel \u00e0 vos services.\n<\/div><\/div><div class=\"oxy-container-779-124 oxy-container container-body\"><h2 class=\"bde-heading-779-125 bde-heading heading-body\">\nFonctionnalit\u00e9s Cl\u00e9s\n<\/h2><div class=\"oxy-container-779-126 oxy-container section-boxes\"><div class=\"bde-icon-box-779-127 bde-icon-box\">\n\n    \n            <div class=\"ee-iconbox-icon breakdance-icon-atom\" >\n    \n                    <svg xmlns=\"http:\/\/www.w3.org\/2000\/svg\" viewBox=\"0 0 576 512\"><!--! Font Awesome Free 6.5.1 by @fontawesome - https:\/\/fontawesome.com License - https:\/\/fontawesome.com\/license\/free (Icons: CC BY 4.0, Fonts: SIL OFL 1.1, Code: MIT License) Copyright 2023 Fonticons, Inc. --><path d=\"M0 48C0 21.5 21.5 0 48 0H336c26.5 0 48 21.5 48 48V207l-42.4 17H304 272c-8.8 0-16 7.2-16 16v32 24.2V304c0 .9 .1 1.7 .2 2.6c2.3 58.1 24.1 144.8 98.7 201.5c-5.8 2.5-12.2 3.9-18.9 3.9H240V432c0-26.5-21.5-48-48-48s-48 21.5-48 48v80H48c-26.5 0-48-21.5-48-48V48zM80 224c-8.8 0-16 7.2-16 16v32c0 8.8 7.2 16 16 16h32c8.8 0 16-7.2 16-16V240c0-8.8-7.2-16-16-16H80zm80 16v32c0 8.8 7.2 16 16 16h32c8.8 0 16-7.2 16-16V240c0-8.8-7.2-16-16-16H176c-8.8 0-16 7.2-16 16zM64 112v32c0 8.8 7.2 16 16 16h32c8.8 0 16-7.2 16-16V112c0-8.8-7.2-16-16-16H80c-8.8 0-16 7.2-16 16zM176 96c-8.8 0-16 7.2-16 16v32c0 8.8 7.2 16 16 16h32c8.8 0 16-7.2 16-16V112c0-8.8-7.2-16-16-16H176zm80 16v32c0 8.8 7.2 16 16 16h32c8.8 0 16-7.2 16-16V112c0-8.8-7.2-16-16-16H272c-8.8 0-16 7.2-16 16zM423.1 225.7c5.7-2.3 12.1-2.3 17.8 0l120 48C570 277.4 576 286.2 576 296c0 63.3-25.9 168.8-134.8 214.2c-5.9 2.5-12.6 2.5-18.5 0C313.9 464.8 288 359.3 288 296c0-9.8 6-18.6 15.1-22.3l120-48zM527.4 312L432 273.8V461.7c68.2-33 91.5-99 95.4-149.7z\"\/><\/svg>\n        \n        \n        \n            <\/div>\n    \n\n<div class=\"ee-iconbox-content\">\n      <p class=\"ee-iconbox-title bde-h3\" >S\u00e9curit\u00e9 Niveau Entreprise<\/p>\n        <div class=\"ee-iconbox-text\" >SSO Azure AD B2C, MFA, r\u00f4les par utilisateur et journalisation d\u00e9taill\u00e9e.<\/div>\n    <\/div>\n\n<\/div><div class=\"bde-icon-box-779-129 bde-icon-box\">\n\n    \n            <div class=\"ee-iconbox-icon breakdance-icon-atom\" >\n    \n                    <svg xmlns=\"http:\/\/www.w3.org\/2000\/svg\" viewBox=\"0 0 448 512\"><!--! Font Awesome Free 6.5.1 by @fontawesome - https:\/\/fontawesome.com License - https:\/\/fontawesome.com\/license\/free (Icons: CC BY 4.0, Fonts: SIL OFL 1.1, Code: MIT License) Copyright 2023 Fonticons, Inc. --><path d=\"M202.9 8.43c9.9-5.73 26-5.82 35.95-.21L430 115.85c10 5.6 18 19.44 18 30.86V364c0 11.44-8.06 25.29-18 31L238.81 503.74c-9.93 5.66-26 5.57-35.85-.21L17.86 395.12C8 389.34 0 375.38 0 364V146.71c0-11.44 8-25.36 17.91-31.08zm-77.4 199.83c-15.94 0-31.89.14-47.83.14v101.45H96.8V280h28.7c49.71 0 49.56-71.74 0-71.74zm140.14 100.29l-30.73-34.64c37-7.51 34.8-65.23-10.87-65.51-16.09 0-32.17-.14-48.26-.14v101.59h19.13v-33.91h18.41l29.56 33.91h22.76zm-41.59-82.32c23.34 0 23.26 32.46 0 32.46h-29.13v-32.46zm-95.56-1.6c21.18 0 21.11 38.85 0 38.85H96.18v-38.84zm192.65-18.25c-68.46 0-71 105.8 0 105.8 69.48-.01 69.41-105.8 0-105.8zm0 17.39c44.12 0 44.8 70.86 0 70.86s-44.43-70.86 0-70.86z\"\/><\/svg>\n        \n        \n        \n            <\/div>\n    \n\n<div class=\"ee-iconbox-content\">\n      <p class=\"ee-iconbox-title bde-h3\" >Branding & UX Sur-Mesure<\/p>\n        <div class=\"ee-iconbox-text\" >Th\u00e8mes, mises en page et workflows int\u00e9gr\u00e9s \u00e0 votre identit\u00e9 visuelle.<\/div>\n    <\/div>\n\n<\/div><div class=\"bde-icon-box-779-128 bde-icon-box\">\n\n    \n            <div class=\"ee-iconbox-icon breakdance-icon-atom\" >\n    \n                    <svg xmlns=\"http:\/\/www.w3.org\/2000\/svg\" id=\"icon-files-empty\" viewBox=\"0 0 32 32\">\n<path d=\"M28.681 11.159c-0.694-0.947-1.662-2.053-2.724-3.116s-2.169-2.030-3.116-2.724c-1.612-1.182-2.393-1.319-2.841-1.319h-11.5c-1.379 0-2.5 1.122-2.5 2.5v23c0 1.378 1.121 2.5 2.5 2.5h19c1.378 0 2.5-1.122 2.5-2.5v-15.5c0-0.448-0.137-1.23-1.319-2.841zM24.543 9.457c0.959 0.959 1.712 1.825 2.268 2.543h-4.811v-4.811c0.718 0.556 1.584 1.309 2.543 2.268v0zM28 29.5c0 0.271-0.229 0.5-0.5 0.5h-19c-0.271 0-0.5-0.229-0.5-0.5v-23c0-0.271 0.229-0.5 0.5-0.5 0 0 11.499-0 11.5 0v7c0 0.552 0.448 1 1 1h7v15.5z\"\/>\n<path d=\"M18.841 1.319c-1.612-1.182-2.393-1.319-2.841-1.319h-11.5c-1.378 0-2.5 1.121-2.5 2.5v23c0 1.207 0.86 2.217 2 2.45v-25.45c0-0.271 0.229-0.5 0.5-0.5h15.215c-0.301-0.248-0.595-0.477-0.873-0.681z\"\/>\n<\/svg>\n        \n        \n        \n            <\/div>\n    \n\n<div class=\"ee-iconbox-content\">\n      <p class=\"ee-iconbox-title bde-h3\" >Gestion Documentaire<\/p>\n        <div class=\"ee-iconbox-text\" >T\u00e9l\u00e9chargement s\u00e9curis\u00e9, permissions fines, versioning et politiques de r\u00e9tention.<\/div>\n    <\/div>\n\n<\/div><div class=\"bde-icon-box-779-132 bde-icon-box\">\n\n    \n            <div class=\"ee-iconbox-icon breakdance-icon-atom\" >\n    \n                    <svg xmlns=\"http:\/\/www.w3.org\/2000\/svg\" id=\"icon-notification\" viewBox=\"0 0 32 32\">\n<path d=\"M16 3c-3.472 0-6.737 1.352-9.192 3.808s-3.808 5.72-3.808 9.192c0 3.472 1.352 6.737 3.808 9.192s5.72 3.808 9.192 3.808c3.472 0 6.737-1.352 9.192-3.808s3.808-5.72 3.808-9.192c0-3.472-1.352-6.737-3.808-9.192s-5.72-3.808-9.192-3.808zM16 0v0c8.837 0 16 7.163 16 16s-7.163 16-16 16c-8.837 0-16-7.163-16-16s7.163-16 16-16zM14 22h4v4h-4zM14 6h4v12h-4z\"\/>\n<\/svg>\n        \n        \n        \n            <\/div>\n    \n\n<div class=\"ee-iconbox-content\">\n      <p class=\"ee-iconbox-title bde-h3\" >Notifications Temps R\u00e9el<\/p>\n        <div class=\"ee-iconbox-text\" >Alertes automatiques par e-mail et Teams pour soumissions, validations et mises \u00e0 jour.<\/div>\n    <\/div>\n\n<\/div><div class=\"bde-icon-box-779-131 bde-icon-box\">\n\n    \n            <div class=\"ee-iconbox-icon breakdance-icon-atom\" >\n    \n                    <svg xmlns=\"http:\/\/www.w3.org\/2000\/svg\" viewBox=\"0 0 512 512\"><!--! Font Awesome Free 6.5.1 by @fontawesome - https:\/\/fontawesome.com License - https:\/\/fontawesome.com\/license\/free (Icons: CC BY 4.0, Fonts: SIL OFL 1.1, Code: MIT License) Copyright 2023 Fonticons, Inc. --><path d=\"M256 96c38.4 0 73.7 13.5 101.3 36.1l-32.6 32.6c-4.6 4.6-5.9 11.5-3.5 17.4s8.3 9.9 14.8 9.9H448c8.8 0 16-7.2 16-16V64c0-6.5-3.9-12.3-9.9-14.8s-12.9-1.1-17.4 3.5l-34 34C363.4 52.6 312.1 32 256 32c-10.9 0-21.5 .8-32 2.3V99.2c10.3-2.1 21-3.2 32-3.2zM132.1 154.7l32.6 32.6c4.6 4.6 11.5 5.9 17.4 3.5s9.9-8.3 9.9-14.8V64c0-8.8-7.2-16-16-16H64c-6.5 0-12.3 3.9-14.8 9.9s-1.1 12.9 3.5 17.4l34 34C52.6 148.6 32 199.9 32 256c0 10.9 .8 21.5 2.3 32H99.2c-2.1-10.3-3.2-21-3.2-32c0-38.4 13.5-73.7 36.1-101.3zM477.7 224H412.8c2.1 10.3 3.2 21 3.2 32c0 38.4-13.5 73.7-36.1 101.3l-32.6-32.6c-4.6-4.6-11.5-5.9-17.4-3.5s-9.9 8.3-9.9 14.8V448c0 8.8 7.2 16 16 16H448c6.5 0 12.3-3.9 14.8-9.9s1.1-12.9-3.5-17.4l-34-34C459.4 363.4 480 312.1 480 256c0-10.9-.8-21.5-2.3-32zM256 416c-38.4 0-73.7-13.5-101.3-36.1l32.6-32.6c4.6-4.6 5.9-11.5 3.5-17.4s-8.3-9.9-14.8-9.9H64c-8.8 0-16 7.2-16 16l0 112c0 6.5 3.9 12.3 9.9 14.8s12.9 1.1 17.4-3.5l34-34C148.6 459.4 199.9 480 256 480c10.9 0 21.5-.8 32-2.3V412.8c-10.3 2.1-21 3.2-32 3.2z\"\/><\/svg>\n        \n        \n        \n            <\/div>\n    \n\n<div class=\"ee-iconbox-content\">\n      <p class=\"ee-iconbox-title bde-h3\" >Int\u00e9gration des Workflows<\/p>\n        <div class=\"ee-iconbox-text\" >Connecteurs Power Automate pour validations, synchronisation des donn\u00e9es et rapports.<\/div>\n    <\/div>\n\n<\/div><div class=\"bde-icon-box-779-130 bde-icon-box\">\n\n    \n            <div class=\"ee-iconbox-icon breakdance-icon-atom\" >\n    \n                    <svg xmlns=\"http:\/\/www.w3.org\/2000\/svg\" viewBox=\"0 0 384 512\"><!--! Font Awesome Free 6.5.1 by @fontawesome - https:\/\/fontawesome.com License - https:\/\/fontawesome.com\/license\/free (Icons: CC BY 4.0, Fonts: SIL OFL 1.1, Code: MIT License) Copyright 2023 Fonticons, Inc. --><path d=\"M80 0C44.7 0 16 28.7 16 64V448c0 35.3 28.7 64 64 64H304c35.3 0 64-28.7 64-64V64c0-35.3-28.7-64-64-64H80zm80 432h64c8.8 0 16 7.2 16 16s-7.2 16-16 16H160c-8.8 0-16-7.2-16-16s7.2-16 16-16z\"\/><\/svg>\n        \n        \n        \n            <\/div>\n    \n\n<div class=\"ee-iconbox-content\">\n      <p class=\"ee-iconbox-title bde-h3\" >Design Mobile-First<\/p>\n        <div class=\"ee-iconbox-text\" >Mises en page adaptatives et cache hors-ligne pour une utilisation sur tout appareil.<\/div>\n    <\/div>\n\n<\/div><\/div><\/div><div class=\"oxy-container-779-133 oxy-container container-body-white-bg\"><h2 class=\"bde-heading-779-134 bde-heading heading-body\">\nComment \u00c7a Marche\n<\/h2><div class=\"bde-icon-list-779-135 bde-icon-list\">\n<ul>\n  \n              \n    <li>\n              <div class='bde-icon-list__item-wrapper'>\n      \n      <span class='bde-icon-list__icon'>\n        <svg xmlns=\"http:\/\/www.w3.org\/2000\/svg\" viewBox=\"0 0 256 512\"><!--! Font Awesome Free 6.5.1 by @fontawesome - https:\/\/fontawesome.com License - https:\/\/fontawesome.com\/license\/free (Icons: CC BY 4.0, Fonts: SIL OFL 1.1, Code: MIT License) Copyright 2023 Fonticons, Inc. --><path d=\"M160 64c0-11.8-6.5-22.6-16.9-28.2s-23-5-32.8 1.6l-96 64C-.5 111.2-4.4 131 5.4 145.8s29.7 18.7 44.4 8.9L96 123.8V416H32c-17.7 0-32 14.3-32 32s14.3 32 32 32h96 96c17.7 0 32-14.3 32-32s-14.3-32-32-32H160V64z\"\/><\/svg>\n      <\/span>\n      <span class='bde-icon-list__text' >\n      <strong>D\u00e9couverte & Planification<\/strong><br>D\u00e9finition des objectifs, parcours utilisateurs et exigences de s\u00e9curit\u00e9. \n      <\/span>\n              <\/div>\n      \n    <\/li>\n\n  \n              \n    <li>\n              <div class='bde-icon-list__item-wrapper'>\n      \n      <span class='bde-icon-list__icon'>\n        <svg xmlns=\"http:\/\/www.w3.org\/2000\/svg\" viewBox=\"0 0 320 512\"><!--! Font Awesome Free 6.5.1 by @fontawesome - https:\/\/fontawesome.com License - https:\/\/fontawesome.com\/license\/free (Icons: CC BY 4.0, Fonts: SIL OFL 1.1, Code: MIT License) Copyright 2023 Fonticons, Inc. --><path d=\"M142.9 96c-21.5 0-42.2 8.5-57.4 23.8L54.6 150.6c-12.5 12.5-32.8 12.5-45.3 0s-12.5-32.8 0-45.3L40.2 74.5C67.5 47.3 104.4 32 142.9 32C223 32 288 97 288 177.1c0 38.5-15.3 75.4-42.5 102.6L109.3 416H288c17.7 0 32 14.3 32 32s-14.3 32-32 32H32c-12.9 0-24.6-7.8-29.6-19.8s-2.2-25.7 6.9-34.9L200.2 234.5c15.2-15.2 23.8-35.9 23.8-57.4c0-44.8-36.3-81.1-81.1-81.1z\"\/><\/svg>\n      <\/span>\n      <span class='bde-icon-list__text' >\n      <strong>Conception & D\u00e9veloppement<\/strong><br>Prototype UX\/UI, configuration de l\u2019authentification et impl\u00e9mentation des workflows. \n      <\/span>\n              <\/div>\n      \n    <\/li>\n\n  \n              \n    <li>\n              <div class='bde-icon-list__item-wrapper'>\n      \n      <span class='bde-icon-list__icon'>\n        <svg xmlns=\"http:\/\/www.w3.org\/2000\/svg\" viewBox=\"0 0 320 512\"><!--! Font Awesome Free 6.5.1 by @fontawesome - https:\/\/fontawesome.com License - https:\/\/fontawesome.com\/license\/free (Icons: CC BY 4.0, Fonts: SIL OFL 1.1, Code: MIT License) Copyright 2023 Fonticons, Inc. --><path d=\"M0 64C0 46.3 14.3 32 32 32H272c13.2 0 25 8.1 29.8 20.4s1.5 26.3-8.2 35.2L162.3 208H184c75.1 0 136 60.9 136 136s-60.9 136-136 136H105.4C63 480 24.2 456 5.3 418.1l-1.9-3.8c-7.9-15.8-1.5-35 14.3-42.9s35-1.5 42.9 14.3l1.9 3.8c8.1 16.3 24.8 26.5 42.9 26.5H184c39.8 0 72-32.2 72-72s-32.2-72-72-72H80c-13.2 0-25-8.1-29.8-20.4s-1.5-26.3 8.2-35.2L189.7 96H32C14.3 96 0 81.7 0 64z\"\/><\/svg>\n      <\/span>\n      <span class='bde-icon-list__text' >\n      <strong>Lancement & Support<\/strong><br>Mise en production avec formation, support SLA et am\u00e9liorations continues.\n      <\/span>\n              <\/div>\n      \n    <\/li>\n\n  <\/ul>\n\n<\/div><\/div><div class=\"oxy-container-779-113 oxy-container cta-gen\"><h3 class=\"bde-heading-779-114 bde-heading cta-heading\">\nPr\u00eat \u00e0 s\u00e9duire vos clients ?\n<\/h3><div class=\"oxy-text-779-115 oxy-text cta-text\">\nDonnez-leur un acc\u00e8s 24h\/24 et 7j\/7 aux fichiers, aux mises \u00e0 jour et \u00e0 l'assistance, en toute s\u00e9curit\u00e9.\n<\/div><div class=\"bde-button-779-116 bde-button cta-button\">\n    \n                                    \n    \n    \n    \n    \n            \n                    \n            \n            \n\n    \n    \n    \n    \n    \n    <a class=\"breakdance-link button-atom button-atom--primary bde-button__button\" href=\"https:\/\/outlook.office.com\/book\/Technov8Solutions@technov8s.com\/s\/bDWtmoX5R0ylh6UUqLezDQ2?ismsaljsauthenabled\" target=\"_self\" data-type=\"url\"  >\n\n    \n        <span class=\"button-atom__text\">Planifiez votre appel strat\u00e9gique Portail Clients \u2192<\/span>\n\n        \n        \n                <\/a>\n\n    \n\n\n<\/div><\/div>","protected":false},"excerpt":{"rendered":"<p>Portails Clients S\u00e9curis\u00e9s et Personnalis\u00e9s Offrez une exp\u00e9rience self-service fluide : acc\u00e8s aux documents, soumissions et suivi 24h\/24 \u2013 7j\/7 Planifiez votre appel strat\u00e9gique Portail Clients Aper\u00e7u Notre service Portail Client con\u00e7oit et d\u00e9ploie des solutions Power Pages s\u00e9curis\u00e9es, th\u00e9matis\u00e9es \u00e0 votre image, avec authentification entreprise\u2014pour un acc\u00e8s professionnel \u00e0 vos services. Fonctionnalit\u00e9s Cl\u00e9s S\u00e9curit\u00e9 [&hellip;]<\/p>\n","protected":false},"author":1,"featured_media":0,"parent":0,"menu_order":0,"comment_status":"closed","ping_status":"closed","template":"","meta":{"_oxygen_hide_in_design_set":false,"_oxygen_tags":"","footnotes":""},"class_list":["post-779","page","type-page","status-publish","hentry"],"_links":{"self":[{"href":"https:\/\/technov8s.com\/fr\/wp-json\/wp\/v2\/pages\/779","targetHints":{"allow":["GET"]}}],"collection":[{"href":"https:\/\/technov8s.com\/fr\/wp-json\/wp\/v2\/pages"}],"about":[{"href":"https:\/\/technov8s.com\/fr\/wp-json\/wp\/v2\/types\/page"}],"author":[{"embeddable":true,"href":"https:\/\/technov8s.com\/fr\/wp-json\/wp\/v2\/users\/1"}],"replies":[{"embeddable":true,"href":"https:\/\/technov8s.com\/fr\/wp-json\/wp\/v2\/comments?post=779"}],"version-history":[{"count":7,"href":"https:\/\/technov8s.com\/fr\/wp-json\/wp\/v2\/pages\/779\/revisions"}],"predecessor-version":[{"id":1113,"href":"https:\/\/technov8s.com\/fr\/wp-json\/wp\/v2\/pages\/779\/revisions\/1113"}],"wp:attachment":[{"href":"https:\/\/technov8s.com\/fr\/wp-json\/wp\/v2\/media?parent=779"}],"curies":[{"name":"wp","href":"https:\/\/api.w.org\/{rel}","templated":true}]}}