{"id":804,"date":"2025-07-17T07:58:13","date_gmt":"2025-07-17T07:58:13","guid":{"rendered":"https:\/\/technov8s.com\/sharepoint-intranets\/"},"modified":"2025-09-16T18:37:08","modified_gmt":"2025-09-16T18:37:08","slug":"intranets-sharepoint","status":"publish","type":"page","link":"https:\/\/technov8s.com\/fr\/intranets-sharepoint\/","title":{"rendered":"Intranets SharePoint"},"content":{"rendered":"<div class=\"oxy-container-804-100 oxy-container container-25\"><div class=\"bde-columns-804-101 bde-columns\"><div class=\"bde-column-804-103 bde-column\">\n  \n  \n\t\n\n\n\n<img decoding=\"async\" class=\"oxy-image-804-126 oxy-image\" src=\"https:\/\/technov8s.com\/wp-content\/uploads\/2025\/07\/technov8_solutions_sharepoint_intranet-300x300.webp\" alt=\"SharePoint intranet workspace \u2014 internal communication and team collaboration\" loading=\"lazy\" srcset=\"https:\/\/technov8s.com\/wp-content\/uploads\/2025\/07\/technov8_solutions_sharepoint_intranet-300x300.webp 300w, https:\/\/technov8s.com\/wp-content\/uploads\/2025\/07\/technov8_solutions_sharepoint_intranet-150x150.webp 150w\" sizes=\"(max-width: 300px) 100vw, 300px\">\n<\/div><div class=\"bde-column-804-102 bde-column\">\n  \n  \n\t\n\n\n\n<h1 class=\"bde-heading-804-105 bde-heading hero-heading\">\nIntranets SharePoint Modernes.\n<\/h1><div class=\"oxy-text-804-106 oxy-text hero-subheader-white\">\nOffrez un intranet dynamique, propuls\u00e9 par le cloud, qui centralise la collaboration, fluidifie la communication et renforce la culture d\u2019entreprise \u2014 construit sur Microsoft SharePoint.\n<\/div><div class=\"bde-button-804-107 bde-button\">\n    \n                                    \n    \n    \n    \n    \n            \n                    \n            \n            \n\n    \n    \n    \n    \n    \n    <a class=\"breakdance-link button-atom button-atom--primary bde-button__button\" href=\"https:\/\/outlook.office.com\/book\/Technov8Solutions@technov8s.com\/s\/bDWtmoX5R0ylh6UUqLezDQ2?ismsaljsauthenabled\" target=\"_self\" data-type=\"url\"  >\n\n    \n        <span class=\"button-atom__text\">Planifiez votre appel strat\u00e9gique Intranet<\/span>\n\n        \n        \n                <\/a>\n\n    \n\n\n<\/div>\n<\/div><\/div><\/div><div class=\"oxy-container-804-104 oxy-container container-body-white-bg\"><h2 class=\"bde-heading-804-109 bde-heading heading-body\">\nAper\u00e7u\n<\/h2><div class=\"oxy-text-804-112 oxy-text body-text\">\nNotre service d\u2019intranet SharePoint sur-mesure combine la conception de site, les politiques de gouvernance et l\u2019automatisation des workflows pour cr\u00e9er un lieu de travail num\u00e9rique engageant, s\u00e9curis\u00e9 et \u00e9volutif.<br>\n<\/div><\/div><div class=\"oxy-container-804-113 oxy-container container-body-white-bg\"><h2 class=\"bde-heading-804-114 bde-heading heading-body\">\nFonctionnalit\u00e9s Cl\u00e9s\n<\/h2><div class=\"oxy-container-804-115 oxy-container section-boxes\"><div class=\"bde-icon-box-804-116 bde-icon-box\">\n\n    \n            <div class=\"ee-iconbox-icon breakdance-icon-atom\" >\n    \n                    <svg xmlns=\"http:\/\/www.w3.org\/2000\/svg\" viewBox=\"0 0 448 512\"><!--! Font Awesome Free 6.5.1 by @fontawesome - https:\/\/fontawesome.com License - https:\/\/fontawesome.com\/license\/free (Icons: CC BY 4.0, Fonts: SIL OFL 1.1, Code: MIT License) Copyright 2023 Fonticons, Inc. --><path d=\"M0 96C0 43 43 0 96 0h96V190.7c0 13.4 15.5 20.9 26 12.5L272 160l54 43.2c10.5 8.4 26 .9 26-12.5V0h32 32c17.7 0 32 14.3 32 32V352c0 17.7-14.3 32-32 32v64c17.7 0 32 14.3 32 32s-14.3 32-32 32H384 96c-53 0-96-43-96-96V96zM64 416c0 17.7 14.3 32 32 32H352V384H96c-17.7 0-32 14.3-32 32z\"\/><\/svg>\n        \n        \n        \n            <\/div>\n    \n\n<div class=\"ee-iconbox-content\">\n      <p class=\"ee-iconbox-title bde-h3\" >Accueil Brand\u00e9 & Personnalis\u00e9<\/p>\n        <div class=\"ee-iconbox-text\" >Th\u00e8mes, mises en page et composants web sur mesure qui refl\u00e8tent votre identit\u00e9 visuelle.<\/div>\n    <\/div>\n\n<\/div><div class=\"bde-icon-box-804-118 bde-icon-box\">\n\n    \n            <div class=\"ee-iconbox-icon breakdance-icon-atom\" >\n    \n                    <svg xmlns=\"http:\/\/www.w3.org\/2000\/svg\" viewBox=\"0 0 384 512\"><!--! Font Awesome Free 6.5.1 by @fontawesome - https:\/\/fontawesome.com License - https:\/\/fontawesome.com\/license\/free (Icons: CC BY 4.0, Fonts: SIL OFL 1.1, Code: MIT License) Copyright 2023 Fonticons, Inc. --><path d=\"M192 0c-41.8 0-77.4 26.7-90.5 64H64C28.7 64 0 92.7 0 128V448c0 35.3 28.7 64 64 64H320c35.3 0 64-28.7 64-64V128c0-35.3-28.7-64-64-64H282.5C269.4 26.7 233.8 0 192 0zm0 64a32 32 0 1 1 0 64 32 32 0 1 1 0-64zM72 272a24 24 0 1 1 48 0 24 24 0 1 1 -48 0zm104-16H304c8.8 0 16 7.2 16 16s-7.2 16-16 16H176c-8.8 0-16-7.2-16-16s7.2-16 16-16zM72 368a24 24 0 1 1 48 0 24 24 0 1 1 -48 0zm88 0c0-8.8 7.2-16 16-16H304c8.8 0 16 7.2 16 16s-7.2 16-16 16H176c-8.8 0-16-7.2-16-16z\"\/><\/svg>\n        \n        \n        \n            <\/div>\n    \n\n<div class=\"ee-iconbox-content\">\n      <p class=\"ee-iconbox-title bde-h3\" >Gestion de Contenu & Documents<\/p>\n        <div class=\"ee-iconbox-text\" >Biblioth\u00e8ques structur\u00e9es avec m\u00e9tadonn\u00e9es, versioning, politiques de r\u00e9tention et partage s\u00e9curis\u00e9.<\/div>\n    <\/div>\n\n<\/div><div class=\"bde-icon-box-804-117 bde-icon-box\">\n\n    \n            <div class=\"ee-iconbox-icon breakdance-icon-atom\" >\n    \n                    <svg xmlns=\"http:\/\/www.w3.org\/2000\/svg\" id=\"icon-newspaper\" viewBox=\"0 0 32 32\">\n<path d=\"M28 8v-4h-28v22c0 1.105 0.895 2 2 2h27c1.657 0 3-1.343 3-3v-17h-4zM26 26h-24v-20h24v20zM4 10h20v2h-20zM16 14h8v2h-8zM16 18h8v2h-8zM16 22h6v2h-6zM4 14h10v10h-10z\"\/>\n<\/svg>\n        \n        \n        \n            <\/div>\n    \n\n<div class=\"ee-iconbox-content\">\n      <p class=\"ee-iconbox-title bde-h3\" >Actualit\u00e9s & Communications<\/p>\n        <div class=\"ee-iconbox-text\" >Articles cibl\u00e9s, banni\u00e8res d\u2019annonce et int\u00e9grations Yammer\/Teams pour tenir tout le monde inform\u00e9.<\/div>\n    <\/div>\n\n<\/div><div class=\"bde-icon-box-804-121 bde-icon-box\">\n\n    \n            <div class=\"ee-iconbox-icon breakdance-icon-atom\" >\n    \n                    <svg xmlns=\"http:\/\/www.w3.org\/2000\/svg\" viewBox=\"0 0 640 512\"><!--! Font Awesome Free 6.5.1 by @fontawesome - https:\/\/fontawesome.com License - https:\/\/fontawesome.com\/license\/free (Icons: CC BY 4.0, Fonts: SIL OFL 1.1, Code: MIT License) Copyright 2023 Fonticons, Inc. --><path d=\"M308.5 135.3c7.1-6.3 9.9-16.2 6.2-25c-2.3-5.3-4.8-10.5-7.6-15.5L304 89.4c-3-5-6.3-9.9-9.8-14.6c-5.7-7.6-15.7-10.1-24.7-7.1l-28.2 9.3c-10.7-8.8-23-16-36.2-20.9L199 27.1c-1.9-9.3-9.1-16.7-18.5-17.8C173.9 8.4 167.2 8 160.4 8h-.7c-6.8 0-13.5 .4-20.1 1.2c-9.4 1.1-16.6 8.6-18.5 17.8L115 56.1c-13.3 5-25.5 12.1-36.2 20.9L50.5 67.8c-9-3-19-.5-24.7 7.1c-3.5 4.7-6.8 9.6-9.9 14.6l-3 5.3c-2.8 5-5.3 10.2-7.6 15.6c-3.7 8.7-.9 18.6 6.2 25l22.2 19.8C32.6 161.9 32 168.9 32 176s.6 14.1 1.7 20.9L11.5 216.7c-7.1 6.3-9.9 16.2-6.2 25c2.3 5.3 4.8 10.5 7.6 15.6l3 5.2c3 5.1 6.3 9.9 9.9 14.6c5.7 7.6 15.7 10.1 24.7 7.1l28.2-9.3c10.7 8.8 23 16 36.2 20.9l6.1 29.1c1.9 9.3 9.1 16.7 18.5 17.8c6.7 .8 13.5 1.2 20.4 1.2s13.7-.4 20.4-1.2c9.4-1.1 16.6-8.6 18.5-17.8l6.1-29.1c13.3-5 25.5-12.1 36.2-20.9l28.2 9.3c9 3 19 .5 24.7-7.1c3.5-4.7 6.8-9.5 9.8-14.6l3.1-5.4c2.8-5 5.3-10.2 7.6-15.5c3.7-8.7 .9-18.6-6.2-25l-22.2-19.8c1.1-6.8 1.7-13.8 1.7-20.9s-.6-14.1-1.7-20.9l22.2-19.8zM112 176a48 48 0 1 1 96 0 48 48 0 1 1 -96 0zM504.7 500.5c6.3 7.1 16.2 9.9 25 6.2c5.3-2.3 10.5-4.8 15.5-7.6l5.4-3.1c5-3 9.9-6.3 14.6-9.8c7.6-5.7 10.1-15.7 7.1-24.7l-9.3-28.2c8.8-10.7 16-23 20.9-36.2l29.1-6.1c9.3-1.9 16.7-9.1 17.8-18.5c.8-6.7 1.2-13.5 1.2-20.4s-.4-13.7-1.2-20.4c-1.1-9.4-8.6-16.6-17.8-18.5L583.9 307c-5-13.3-12.1-25.5-20.9-36.2l9.3-28.2c3-9 .5-19-7.1-24.7c-4.7-3.5-9.6-6.8-14.6-9.9l-5.3-3c-5-2.8-10.2-5.3-15.6-7.6c-8.7-3.7-18.6-.9-25 6.2l-19.8 22.2c-6.8-1.1-13.8-1.7-20.9-1.7s-14.1 .6-20.9 1.7l-19.8-22.2c-6.3-7.1-16.2-9.9-25-6.2c-5.3 2.3-10.5 4.8-15.6 7.6l-5.2 3c-5.1 3-9.9 6.3-14.6 9.9c-7.6 5.7-10.1 15.7-7.1 24.7l9.3 28.2c-8.8 10.7-16 23-20.9 36.2L315.1 313c-9.3 1.9-16.7 9.1-17.8 18.5c-.8 6.7-1.2 13.5-1.2 20.4s.4 13.7 1.2 20.4c1.1 9.4 8.6 16.6 17.8 18.5l29.1 6.1c5 13.3 12.1 25.5 20.9 36.2l-9.3 28.2c-3 9-.5 19 7.1 24.7c4.7 3.5 9.5 6.8 14.6 9.8l5.4 3.1c5 2.8 10.2 5.3 15.5 7.6c8.7 3.7 18.6 .9 25-6.2l19.8-22.2c6.8 1.1 13.8 1.7 20.9 1.7s14.1-.6 20.9-1.7l19.8 22.2zM464 304a48 48 0 1 1 0 96 48 48 0 1 1 0-96z\"\/><\/svg>\n        \n        \n        \n            <\/div>\n    \n\n<div class=\"ee-iconbox-content\">\n      <p class=\"ee-iconbox-title bde-h3\" >Workflows Automatis\u00e9s<\/p>\n        <div class=\"ee-iconbox-text\" >Flux Power Automate pour validations, notifications et gestion du cycle de vie du contenu.<\/div>\n    <\/div>\n\n<\/div><div class=\"bde-icon-box-804-120 bde-icon-box\">\n\n    \n            <div class=\"ee-iconbox-icon breakdance-icon-atom\" >\n    \n                    <svg xmlns=\"http:\/\/www.w3.org\/2000\/svg\" viewBox=\"0 0 460 512\"><!--! Font Awesome Free 6.5.1 by @fontawesome - https:\/\/fontawesome.com License - https:\/\/fontawesome.com\/license\/free (Icons: CC BY 4.0, Fonts: SIL OFL 1.1, Code: MIT License) Copyright 2023 Fonticons, Inc. --><path d=\"M220.6 130.3l-67.2 28.2V43.2L98.7 233.5l54.7-24.2v130.3l67.2-209.3zm-83.2-96.7l-1.3 4.7-15.2 52.9C80.6 106.7 52 145.8 52 191.5c0 52.3 34.3 95.9 83.4 105.5v53.6C57.5 340.1 0 272.4 0 191.6c0-80.5 59.8-147.2 137.4-158zm311.4 447.2c-11.2 11.2-23.1 12.3-28.6 10.5-5.4-1.8-27.1-19.9-60.4-44.4-33.3-24.6-33.6-35.7-43-56.7-9.4-20.9-30.4-42.6-57.5-52.4l-9.7-14.7c-24.7 16.9-53 26.9-81.3 28.7l2.1-6.6 15.9-49.5c46.5-11.9 80.9-54 80.9-104.2 0-54.5-38.4-102.1-96-107.1V32.3C254.4 37.4 320 106.8 320 191.6c0 33.6-11.2 64.7-29 90.4l14.6 9.6c9.8 27.1 31.5 48 52.4 57.4s32.2 9.7 56.8 43c24.6 33.2 42.7 54.9 44.5 60.3s.7 17.3-10.5 28.5zm-9.9-17.9c0-4.4-3.6-8-8-8s-8 3.6-8 8 3.6 8 8 8 8-3.6 8-8z\"\/><\/svg>\n        \n        \n        \n            <\/div>\n    \n\n<div class=\"ee-iconbox-content\">\n      <p class=\"ee-iconbox-title bde-h3\" >Recherche & D\u00e9couverte<\/p>\n        <div class=\"ee-iconbox-text\" >Affinage personnalis\u00e9, r\u00e9sultats mis en avant et suggestions IA pour retrouver l\u2019information en un \u00e9clair.<\/div>\n    <\/div>\n\n<\/div><div class=\"bde-icon-box-804-119 bde-icon-box\">\n\n    \n            <div class=\"ee-iconbox-icon breakdance-icon-atom\" >\n    \n                    <svg xmlns=\"http:\/\/www.w3.org\/2000\/svg\" viewBox=\"0 0 576 512\"><!--! Font Awesome Free 6.5.1 by @fontawesome - https:\/\/fontawesome.com License - https:\/\/fontawesome.com\/license\/free (Icons: CC BY 4.0, Fonts: SIL OFL 1.1, Code: MIT License) Copyright 2023 Fonticons, Inc. --><path d=\"M0 64C0 28.7 28.7 0 64 0H224V128c0 17.7 14.3 32 32 32H384v47l-92.8 37.1c-21.3 8.5-35.2 29.1-35.2 52c0 56.6 18.9 148 94.2 208.3c-9 4.8-19.3 7.6-30.2 7.6H64c-35.3 0-64-28.7-64-64V64zm384 64H256V0L384 128zm39.1 97.7c5.7-2.3 12.1-2.3 17.8 0l120 48C570 277.4 576 286.2 576 296c0 63.3-25.9 168.8-134.8 214.2c-5.9 2.5-12.6 2.5-18.5 0C313.9 464.8 288 359.3 288 296c0-9.8 6-18.6 15.1-22.3l120-48zM527.4 312L432 273.8V461.7c68.2-33 91.5-99 95.4-149.7z\"\/><\/svg>\n        \n        \n        \n            <\/div>\n    \n\n<div class=\"ee-iconbox-content\">\n      <p class=\"ee-iconbox-title bde-h3\" >Gouvernance & S\u00e9curit\u00e9<\/p>\n        <div class=\"ee-iconbox-text\" >Provisioning par r\u00f4le, \u00e9tiquetage conformit\u00e9 et politiques DLP pour prot\u00e9ger vos donn\u00e9es.<\/div>\n    <\/div>\n\n<\/div><\/div><\/div><div class=\"oxy-container-804-122 oxy-container container-body-white-bg\"><h2 class=\"bde-heading-804-123 bde-heading heading-body\">\nComment \u00c7a Marche\n<\/h2><div class=\"bde-icon-list-804-125 bde-icon-list\">\n<ul>\n  \n              \n    <li>\n              <div class='bde-icon-list__item-wrapper'>\n      \n      <span class='bde-icon-list__icon'>\n        <svg xmlns=\"http:\/\/www.w3.org\/2000\/svg\" viewBox=\"0 0 256 512\"><!--! Font Awesome Free 6.5.1 by @fontawesome - https:\/\/fontawesome.com License - https:\/\/fontawesome.com\/license\/free (Icons: CC BY 4.0, Fonts: SIL OFL 1.1, Code: MIT License) Copyright 2023 Fonticons, Inc. --><path d=\"M160 64c0-11.8-6.5-22.6-16.9-28.2s-23-5-32.8 1.6l-96 64C-.5 111.2-4.4 131 5.4 145.8s29.7 18.7 44.4 8.9L96 123.8V416H32c-17.7 0-32 14.3-32 32s14.3 32 32 32h96 96c17.7 0 32-14.3 32-32s-14.3-32-32-32H160V64z\"\/><\/svg>\n      <\/span>\n      <span class='bde-icon-list__text' >\n      <strong>D\u00e9couverte & Architecture<\/strong><br>Ateliers avec les parties prenantes pour d\u00e9finir l\u2019architecture de l\u2019information, la navigation et la gouvernance.\n      <\/span>\n              <\/div>\n      \n    <\/li>\n\n  \n              \n    <li>\n              <div class='bde-icon-list__item-wrapper'>\n      \n      <span class='bde-icon-list__icon'>\n        <svg xmlns=\"http:\/\/www.w3.org\/2000\/svg\" viewBox=\"0 0 320 512\"><!--! Font Awesome Free 6.5.1 by @fontawesome - https:\/\/fontawesome.com License - https:\/\/fontawesome.com\/license\/free (Icons: CC BY 4.0, Fonts: SIL OFL 1.1, Code: MIT License) Copyright 2023 Fonticons, Inc. --><path d=\"M142.9 96c-21.5 0-42.2 8.5-57.4 23.8L54.6 150.6c-12.5 12.5-32.8 12.5-45.3 0s-12.5-32.8 0-45.3L40.2 74.5C67.5 47.3 104.4 32 142.9 32C223 32 288 97 288 177.1c0 38.5-15.3 75.4-42.5 102.6L109.3 416H288c17.7 0 32 14.3 32 32s-14.3 32-32 32H32c-12.9 0-24.6-7.8-29.6-19.8s-2.2-25.7 6.9-34.9L200.2 234.5c15.2-15.2 23.8-35.9 23.8-57.4c0-44.8-36.3-81.1-81.1-81.1z\"\/><\/svg>\n      <\/span>\n      <span class='bde-icon-list__text' >\n      <strong>Conception & D\u00e9veloppement<\/strong><br>Prototypage des pages, configuration des mod\u00e8les de site et int\u00e9gration de composants personnalis\u00e9s.\n      <\/span>\n              <\/div>\n      \n    <\/li>\n\n  \n              \n    <li>\n              <div class='bde-icon-list__item-wrapper'>\n      \n      <span class='bde-icon-list__icon'>\n        <svg xmlns=\"http:\/\/www.w3.org\/2000\/svg\" viewBox=\"0 0 320 512\"><!--! Font Awesome Free 6.5.1 by @fontawesome - https:\/\/fontawesome.com License - https:\/\/fontawesome.com\/license\/free (Icons: CC BY 4.0, Fonts: SIL OFL 1.1, Code: MIT License) Copyright 2023 Fonticons, Inc. --><path d=\"M0 64C0 46.3 14.3 32 32 32H272c13.2 0 25 8.1 29.8 20.4s1.5 26.3-8.2 35.2L162.3 208H184c75.1 0 136 60.9 136 136s-60.9 136-136 136H105.4C63 480 24.2 456 5.3 418.1l-1.9-3.8c-7.9-15.8-1.5-35 14.3-42.9s35-1.5 42.9 14.3l1.9 3.8c8.1 16.3 24.8 26.5 42.9 26.5H184c39.8 0 72-32.2 72-72s-32.2-72-72-72H80c-13.2 0-25-8.1-29.8-20.4s-1.5-26.3 8.2-35.2L189.7 96H32C14.3 96 0 81.7 0 64z\"\/><\/svg>\n      <\/span>\n      <span class='bde-icon-list__text' >\n      <strong>Lancement & Gouvernance<\/strong><br>D\u00e9ploiement de l\u2019intranet avec formation, mise en place des politiques et support continu.\n      <\/span>\n              <\/div>\n      \n    <\/li>\n\n  <\/ul>\n\n<\/div><\/div><div class=\"oxy-container-804-108 oxy-container cta-gen\"><h2 class=\"bde-heading-804-111 bde-heading cta-heading\">\nPr\u00eat \u00e0 transformer votre environnement de travail ?\n<\/h2><div class=\"bde-button-804-110 bde-button cta-button\">\n    \n                                    \n    \n    \n    \n    \n            \n                    \n            \n            \n\n    \n    \n    \n    \n    \n    <a class=\"breakdance-link button-atom button-atom--primary bde-button__button\" href=\"https:\/\/outlook.office.com\/book\/Technov8Solutions@technov8s.com\/s\/bDWtmoX5R0ylh6UUqLezDQ2?ismsaljsauthenabled\" target=\"_self\" data-type=\"url\"  >\n\n    \n        <span class=\"button-atom__text\">Planifiez votre appel strat\u00e9gique Intranet \u2192<\/span>\n\n        \n        \n                <\/a>\n\n    \n\n\n<\/div><\/div>","protected":false},"excerpt":{"rendered":"<p>Intranets SharePoint Modernes. Offrez un intranet dynamique, propuls\u00e9 par le cloud, qui centralise la collaboration, fluidifie la communication et renforce la culture d\u2019entreprise \u2014 construit sur Microsoft SharePoint. Planifiez votre appel strat\u00e9gique Intranet Aper\u00e7u Notre service d\u2019intranet SharePoint sur-mesure combine la conception de site, les politiques de gouvernance et l\u2019automatisation des workflows pour cr\u00e9er un [&hellip;]<\/p>\n","protected":false},"author":1,"featured_media":0,"parent":0,"menu_order":0,"comment_status":"closed","ping_status":"closed","template":"","meta":{"_oxygen_hide_in_design_set":false,"_oxygen_tags":"","footnotes":""},"class_list":["post-804","page","type-page","status-publish","hentry"],"_links":{"self":[{"href":"https:\/\/technov8s.com\/fr\/wp-json\/wp\/v2\/pages\/804","targetHints":{"allow":["GET"]}}],"collection":[{"href":"https:\/\/technov8s.com\/fr\/wp-json\/wp\/v2\/pages"}],"about":[{"href":"https:\/\/technov8s.com\/fr\/wp-json\/wp\/v2\/types\/page"}],"author":[{"embeddable":true,"href":"https:\/\/technov8s.com\/fr\/wp-json\/wp\/v2\/users\/1"}],"replies":[{"embeddable":true,"href":"https:\/\/technov8s.com\/fr\/wp-json\/wp\/v2\/comments?post=804"}],"version-history":[{"count":6,"href":"https:\/\/technov8s.com\/fr\/wp-json\/wp\/v2\/pages\/804\/revisions"}],"predecessor-version":[{"id":1110,"href":"https:\/\/technov8s.com\/fr\/wp-json\/wp\/v2\/pages\/804\/revisions\/1110"}],"wp:attachment":[{"href":"https:\/\/technov8s.com\/fr\/wp-json\/wp\/v2\/media?parent=804"}],"curies":[{"name":"wp","href":"https:\/\/api.w.org\/{rel}","templated":true}]}}