{"id":830,"date":"2025-06-12T00:09:27","date_gmt":"2025-06-12T00:09:27","guid":{"rendered":"https:\/\/technov8s.com\/business-central\/"},"modified":"2025-09-29T13:52:50","modified_gmt":"2025-09-29T13:52:50","slug":"business-central","status":"publish","type":"page","link":"https:\/\/technov8s.com\/fr\/business-central\/","title":{"rendered":"Business Central"},"content":{"rendered":"<div class=\"oxy-container-830-100 oxy-container container-27\"><div class=\"bde-columns-830-117 bde-columns\"><div class=\"bde-column-830-118 bde-column\">\n  \n  \n\t\n\n\n\n<h1 class=\"bde-heading-830-120 bde-heading hero-heading\">\nERP Business Central, Con\u00e7u pour les PME canadiennes\n<\/h1><div class=\"oxy-text-830-121 oxy-text hero-subheader-white\">\nUnifiez finances, op\u00e9rations et inventaire sur une plateforme ERP Microsoft \u00e9volutive et s\u00e9curis\u00e9e.\n<\/div><div class=\"bde-button-830-122 bde-button cta-button\">\n    \n                                    \n    \n    \n    \n    \n            \n                    \n            \n            \n\n    \n    \n    \n    \n    \n    <a class=\"breakdance-link button-atom button-atom--primary bde-button__button\" href=\"https:\/\/outlook.office.com\/book\/Technov8Solutions@technov8s.com\/s\/bDWtmoX5R0ylh6UUqLezDQ2?ismsaljsauthenabled\" target=\"_self\" data-type=\"url\"  >\n\n    \n        <span class=\"button-atom__text\">Planifiez votre consultation ERP<\/span>\n\n        \n        \n                <\/a>\n\n    \n\n\n<\/div>\n<\/div><div class=\"bde-column-830-119 bde-column\">\n  \n  \n\t\n\n\n\n<img decoding=\"async\" class=\"oxy-image-830-123 oxy-image\" src=\"https:\/\/technov8s.com\/wp-content\/uploads\/2025\/07\/Business_central_img_technov8_solutions-300x300.webp\" alt=\"Microsoft Dynamics 365 Business Central ERP system for growing businesses\" loading=\"lazy\" srcset=\"https:\/\/technov8s.com\/wp-content\/uploads\/2025\/07\/Business_central_img_technov8_solutions-300x300.webp 300w, https:\/\/technov8s.com\/wp-content\/uploads\/2025\/07\/Business_central_img_technov8_solutions-150x150.webp 150w\" sizes=\"(max-width: 300px) 100vw, 300px\">\n<\/div><\/div><\/div><div class=\"oxy-container-830-101 oxy-container container-body\"><h2 class=\"bde-heading-830-103 bde-heading heading-body\">\nAper\u00e7u\n<\/h2><div class=\"oxy-text-830-106 oxy-text body-text\">\nMicrosoft Dynamics 365 Business Central apporte la puissance ERP des grandes entreprises aux PME. Nous d\u00e9ployons des solutions sur mesure ax\u00e9es sur l\u2019automatisation financi\u00e8re, la visibilit\u00e9 de la cha\u00eene d\u2019approvisionnement et des op\u00e9rations \u00e9volutives \u2014 en conformit\u00e9 avec les lois fiscales et de confidentialit\u00e9 canadiennes.\n<\/div><div class=\"bde-div-830-126 bde-div space\">\n  \n  \n\t\n\n\n\n\n<\/div><h2 class=\"bde-heading-830-125 bde-heading heading-body\">\nFonctionnalit\u00e9s Cl\u00e9s\n<\/h2><div class=\"oxy-container-830-124 oxy-container section-boxes\"><div class=\"bde-icon-box-830-127 bde-icon-box\">\n\n    \n            <div class=\"ee-iconbox-icon breakdance-icon-atom\" >\n    \n                    <svg xmlns=\"http:\/\/www.w3.org\/2000\/svg\" viewBox=\"0 0 352 512\"><!-- Font Awesome Free 5.15.1 by @fontawesome - https:\/\/fontawesome.com License - https:\/\/fontawesome.com\/license\/free (Icons: CC BY 4.0, Fonts: SIL OFL 1.1, Code: MIT License) --><path d=\"M176 80c-52.94 0-96 43.06-96 96 0 8.84 7.16 16 16 16s16-7.16 16-16c0-35.3 28.72-64 64-64 8.84 0 16-7.16 16-16s-7.16-16-16-16zM96.06 459.17c0 3.15.93 6.22 2.68 8.84l24.51 36.84c2.97 4.46 7.97 7.14 13.32 7.14h78.85c5.36 0 10.36-2.68 13.32-7.14l24.51-36.84c1.74-2.62 2.67-5.7 2.68-8.84l.05-43.18H96.02l.04 43.18zM176 0C73.72 0 0 82.97 0 176c0 44.37 16.45 84.85 43.56 115.78 16.64 18.99 42.74 58.8 52.42 92.16v.06h48v-.12c-.01-4.77-.72-9.51-2.15-14.07-5.59-17.81-22.82-64.77-62.17-109.67-20.54-23.43-31.52-53.15-31.61-84.14-.2-73.64 59.67-128 127.95-128 70.58 0 128 57.42 128 128 0 30.97-11.24 60.85-31.65 84.14-39.11 44.61-56.42 91.47-62.1 109.46a47.507 47.507 0 0 0-2.22 14.3v.1h48v-.05c9.68-33.37 35.78-73.18 52.42-92.16C335.55 260.85 352 220.37 352 176 352 78.8 273.2 0 176 0z\"\/><\/svg>\n        \n        \n        \n            <\/div>\n    \n\n<div class=\"ee-iconbox-content\">\n      <p class=\"ee-iconbox-title bde-h3\" >Gestion Financi\u00e8re<\/p>\n        <div class=\"ee-iconbox-text\" >Automatisez la comptabilit\u00e9, les paiements et les rapports avec une visibilit\u00e9 en temps r\u00e9el sur l\u2019ensemble de vos entit\u00e9s.<\/div>\n    <\/div>\n\n<\/div><div class=\"bde-icon-box-830-128 bde-icon-box\">\n\n    \n            <div class=\"ee-iconbox-icon breakdance-icon-atom\" >\n    \n                    <svg xmlns=\"http:\/\/www.w3.org\/2000\/svg\" viewBox=\"0 0 352 512\"><!-- Font Awesome Free 5.15.1 by @fontawesome - https:\/\/fontawesome.com License - https:\/\/fontawesome.com\/license\/free (Icons: CC BY 4.0, Fonts: SIL OFL 1.1, Code: MIT License) --><path d=\"M176 80c-52.94 0-96 43.06-96 96 0 8.84 7.16 16 16 16s16-7.16 16-16c0-35.3 28.72-64 64-64 8.84 0 16-7.16 16-16s-7.16-16-16-16zM96.06 459.17c0 3.15.93 6.22 2.68 8.84l24.51 36.84c2.97 4.46 7.97 7.14 13.32 7.14h78.85c5.36 0 10.36-2.68 13.32-7.14l24.51-36.84c1.74-2.62 2.67-5.7 2.68-8.84l.05-43.18H96.02l.04 43.18zM176 0C73.72 0 0 82.97 0 176c0 44.37 16.45 84.85 43.56 115.78 16.64 18.99 42.74 58.8 52.42 92.16v.06h48v-.12c-.01-4.77-.72-9.51-2.15-14.07-5.59-17.81-22.82-64.77-62.17-109.67-20.54-23.43-31.52-53.15-31.61-84.14-.2-73.64 59.67-128 127.95-128 70.58 0 128 57.42 128 128 0 30.97-11.24 60.85-31.65 84.14-39.11 44.61-56.42 91.47-62.1 109.46a47.507 47.507 0 0 0-2.22 14.3v.1h48v-.05c9.68-33.37 35.78-73.18 52.42-92.16C335.55 260.85 352 220.37 352 176 352 78.8 273.2 0 176 0z\"\/><\/svg>\n        \n        \n        \n            <\/div>\n    \n\n<div class=\"ee-iconbox-content\">\n      <p class=\"ee-iconbox-title bde-h3\" >Inventaire & Cha\u00eene d\u2019Approvisionnement<\/p>\n        <div class=\"ee-iconbox-text\" >Suivez les stocks, optimisez les achats et connectez vos fournisseurs pour une ex\u00e9cution fluide.<\/div>\n    <\/div>\n\n<\/div><div class=\"bde-icon-box-830-129 bde-icon-box\">\n\n    \n            <div class=\"ee-iconbox-icon breakdance-icon-atom\" >\n    \n                    <svg xmlns=\"http:\/\/www.w3.org\/2000\/svg\" viewBox=\"0 0 352 512\"><!-- Font Awesome Free 5.15.1 by @fontawesome - https:\/\/fontawesome.com License - https:\/\/fontawesome.com\/license\/free (Icons: CC BY 4.0, Fonts: SIL OFL 1.1, Code: MIT License) --><path d=\"M176 80c-52.94 0-96 43.06-96 96 0 8.84 7.16 16 16 16s16-7.16 16-16c0-35.3 28.72-64 64-64 8.84 0 16-7.16 16-16s-7.16-16-16-16zM96.06 459.17c0 3.15.93 6.22 2.68 8.84l24.51 36.84c2.97 4.46 7.97 7.14 13.32 7.14h78.85c5.36 0 10.36-2.68 13.32-7.14l24.51-36.84c1.74-2.62 2.67-5.7 2.68-8.84l.05-43.18H96.02l.04 43.18zM176 0C73.72 0 0 82.97 0 176c0 44.37 16.45 84.85 43.56 115.78 16.64 18.99 42.74 58.8 52.42 92.16v.06h48v-.12c-.01-4.77-.72-9.51-2.15-14.07-5.59-17.81-22.82-64.77-62.17-109.67-20.54-23.43-31.52-53.15-31.61-84.14-.2-73.64 59.67-128 127.95-128 70.58 0 128 57.42 128 128 0 30.97-11.24 60.85-31.65 84.14-39.11 44.61-56.42 91.47-62.1 109.46a47.507 47.507 0 0 0-2.22 14.3v.1h48v-.05c9.68-33.37 35.78-73.18 52.42-92.16C335.55 260.85 352 220.37 352 176 352 78.8 273.2 0 176 0z\"\/><\/svg>\n        \n        \n        \n            <\/div>\n    \n\n<div class=\"ee-iconbox-content\">\n      <p class=\"ee-iconbox-title bde-h3\" >Ventes & Facturation<\/p>\n        <div class=\"ee-iconbox-text\" >Cr\u00e9ez des devis, transformez-les en commandes, et automatisez la facturation r\u00e9currente.<\/div>\n    <\/div>\n\n<\/div><div class=\"bde-icon-box-830-130 bde-icon-box\">\n\n    \n            <div class=\"ee-iconbox-icon breakdance-icon-atom\" >\n    \n                    <svg xmlns=\"http:\/\/www.w3.org\/2000\/svg\" viewBox=\"0 0 352 512\"><!-- Font Awesome Free 5.15.1 by @fontawesome - https:\/\/fontawesome.com License - https:\/\/fontawesome.com\/license\/free (Icons: CC BY 4.0, Fonts: SIL OFL 1.1, Code: MIT License) --><path d=\"M176 80c-52.94 0-96 43.06-96 96 0 8.84 7.16 16 16 16s16-7.16 16-16c0-35.3 28.72-64 64-64 8.84 0 16-7.16 16-16s-7.16-16-16-16zM96.06 459.17c0 3.15.93 6.22 2.68 8.84l24.51 36.84c2.97 4.46 7.97 7.14 13.32 7.14h78.85c5.36 0 10.36-2.68 13.32-7.14l24.51-36.84c1.74-2.62 2.67-5.7 2.68-8.84l.05-43.18H96.02l.04 43.18zM176 0C73.72 0 0 82.97 0 176c0 44.37 16.45 84.85 43.56 115.78 16.64 18.99 42.74 58.8 52.42 92.16v.06h48v-.12c-.01-4.77-.72-9.51-2.15-14.07-5.59-17.81-22.82-64.77-62.17-109.67-20.54-23.43-31.52-53.15-31.61-84.14-.2-73.64 59.67-128 127.95-128 70.58 0 128 57.42 128 128 0 30.97-11.24 60.85-31.65 84.14-39.11 44.61-56.42 91.47-62.1 109.46a47.507 47.507 0 0 0-2.22 14.3v.1h48v-.05c9.68-33.37 35.78-73.18 52.42-92.16C335.55 260.85 352 220.37 352 176 352 78.8 273.2 0 176 0z\"\/><\/svg>\n        \n        \n        \n            <\/div>\n    \n\n<div class=\"ee-iconbox-content\">\n      <p class=\"ee-iconbox-title bde-h3\" >Conformit\u00e9 Canadienne<\/p>\n        <div class=\"ee-iconbox-text\" >Prise en charge int\u00e9gr\u00e9e pour la TVH\/TVQ, la PIPEDA, et les r\u00e8gles fiscales provinciales.<\/div>\n    <\/div>\n\n<\/div><div class=\"bde-icon-box-830-131 bde-icon-box\">\n\n    \n            <div class=\"ee-iconbox-icon breakdance-icon-atom\" >\n    \n                    <svg xmlns=\"http:\/\/www.w3.org\/2000\/svg\" viewBox=\"0 0 352 512\"><!-- Font Awesome Free 5.15.1 by @fontawesome - https:\/\/fontawesome.com License - https:\/\/fontawesome.com\/license\/free (Icons: CC BY 4.0, Fonts: SIL OFL 1.1, Code: MIT License) --><path d=\"M176 80c-52.94 0-96 43.06-96 96 0 8.84 7.16 16 16 16s16-7.16 16-16c0-35.3 28.72-64 64-64 8.84 0 16-7.16 16-16s-7.16-16-16-16zM96.06 459.17c0 3.15.93 6.22 2.68 8.84l24.51 36.84c2.97 4.46 7.97 7.14 13.32 7.14h78.85c5.36 0 10.36-2.68 13.32-7.14l24.51-36.84c1.74-2.62 2.67-5.7 2.68-8.84l.05-43.18H96.02l.04 43.18zM176 0C73.72 0 0 82.97 0 176c0 44.37 16.45 84.85 43.56 115.78 16.64 18.99 42.74 58.8 52.42 92.16v.06h48v-.12c-.01-4.77-.72-9.51-2.15-14.07-5.59-17.81-22.82-64.77-62.17-109.67-20.54-23.43-31.52-53.15-31.61-84.14-.2-73.64 59.67-128 127.95-128 70.58 0 128 57.42 128 128 0 30.97-11.24 60.85-31.65 84.14-39.11 44.61-56.42 91.47-62.1 109.46a47.507 47.507 0 0 0-2.22 14.3v.1h48v-.05c9.68-33.37 35.78-73.18 52.42-92.16C335.55 260.85 352 220.37 352 176 352 78.8 273.2 0 176 0z\"\/><\/svg>\n        \n        \n        \n            <\/div>\n    \n\n<div class=\"ee-iconbox-content\">\n      <p class=\"ee-iconbox-title bde-h3\" >Int\u00e9gration Power BI<\/p>\n        <div class=\"ee-iconbox-text\" >Visualisez vos performances gr\u00e2ce \u00e0 des tableaux de bord int\u00e9gr\u00e9s dans Business Central.<\/div>\n    <\/div>\n\n<\/div><div class=\"bde-icon-box-830-132 bde-icon-box\">\n\n    \n            <div class=\"ee-iconbox-icon breakdance-icon-atom\" >\n    \n                    <svg xmlns=\"http:\/\/www.w3.org\/2000\/svg\" viewBox=\"0 0 352 512\"><!-- Font Awesome Free 5.15.1 by @fontawesome - https:\/\/fontawesome.com License - https:\/\/fontawesome.com\/license\/free (Icons: CC BY 4.0, Fonts: SIL OFL 1.1, Code: MIT License) --><path d=\"M176 80c-52.94 0-96 43.06-96 96 0 8.84 7.16 16 16 16s16-7.16 16-16c0-35.3 28.72-64 64-64 8.84 0 16-7.16 16-16s-7.16-16-16-16zM96.06 459.17c0 3.15.93 6.22 2.68 8.84l24.51 36.84c2.97 4.46 7.97 7.14 13.32 7.14h78.85c5.36 0 10.36-2.68 13.32-7.14l24.51-36.84c1.74-2.62 2.67-5.7 2.68-8.84l.05-43.18H96.02l.04 43.18zM176 0C73.72 0 0 82.97 0 176c0 44.37 16.45 84.85 43.56 115.78 16.64 18.99 42.74 58.8 52.42 92.16v.06h48v-.12c-.01-4.77-.72-9.51-2.15-14.07-5.59-17.81-22.82-64.77-62.17-109.67-20.54-23.43-31.52-53.15-31.61-84.14-.2-73.64 59.67-128 127.95-128 70.58 0 128 57.42 128 128 0 30.97-11.24 60.85-31.65 84.14-39.11 44.61-56.42 91.47-62.1 109.46a47.507 47.507 0 0 0-2.22 14.3v.1h48v-.05c9.68-33.37 35.78-73.18 52.42-92.16C335.55 260.85 352 220.37 352 176 352 78.8 273.2 0 176 0z\"\/><\/svg>\n        \n        \n        \n            <\/div>\n    \n\n<div class=\"ee-iconbox-content\">\n      <p class=\"ee-iconbox-title bde-h3\" >\u00c9cosyst\u00e8me Microsoft 365<\/p>\n        <div class=\"ee-iconbox-text\" >Connexion fluide avec Outlook, Excel, Teams, SharePoint et la Power Platform.<\/div>\n    <\/div>\n\n<\/div><\/div><\/div><div class=\"oxy-container-830-133 oxy-container container-body-white-bg\"><h2 class=\"bde-heading-830-134 bde-heading heading-body\">\nComment \u00c7a Marche\n<\/h2><div class=\"bde-icon-list-830-135 bde-icon-list\">\n<ul>\n  \n              \n    <li>\n              <div class='bde-icon-list__item-wrapper'>\n      \n      <span class='bde-icon-list__icon'>\n        <svg xmlns=\"http:\/\/www.w3.org\/2000\/svg\" viewBox=\"0 0 256 512\"><!--! Font Awesome Free 6.5.1 by @fontawesome - https:\/\/fontawesome.com License - https:\/\/fontawesome.com\/license\/free (Icons: CC BY 4.0, Fonts: SIL OFL 1.1, Code: MIT License) Copyright 2023 Fonticons, Inc. --><path d=\"M160 64c0-11.8-6.5-22.6-16.9-28.2s-23-5-32.8 1.6l-96 64C-.5 111.2-4.4 131 5.4 145.8s29.7 18.7 44.4 8.9L96 123.8V416H32c-17.7 0-32 14.3-32 32s14.3 32 32 32h96 96c17.7 0 32-14.3 32-32s-14.3-32-32-32H160V64z\"\/><\/svg>\n      <\/span>\n      <span class='bde-icon-list__text' >\n      <strong>D\u00e9couverte & Cadrage<\/strong><br>Analyse des besoins, des syst\u00e8mes existants et des objectifs d\u2019int\u00e9gration.\n      <\/span>\n              <\/div>\n      \n    <\/li>\n\n  \n              \n    <li>\n              <div class='bde-icon-list__item-wrapper'>\n      \n      <span class='bde-icon-list__icon'>\n        <svg xmlns=\"http:\/\/www.w3.org\/2000\/svg\" viewBox=\"0 0 320 512\"><!--! Font Awesome Free 6.5.1 by @fontawesome - https:\/\/fontawesome.com License - https:\/\/fontawesome.com\/license\/free (Icons: CC BY 4.0, Fonts: SIL OFL 1.1, Code: MIT License) Copyright 2023 Fonticons, Inc. --><path d=\"M142.9 96c-21.5 0-42.2 8.5-57.4 23.8L54.6 150.6c-12.5 12.5-32.8 12.5-45.3 0s-12.5-32.8 0-45.3L40.2 74.5C67.5 47.3 104.4 32 142.9 32C223 32 288 97 288 177.1c0 38.5-15.3 75.4-42.5 102.6L109.3 416H288c17.7 0 32 14.3 32 32s-14.3 32-32 32H32c-12.9 0-24.6-7.8-29.6-19.8s-2.2-25.7 6.9-34.9L200.2 234.5c15.2-15.2 23.8-35.9 23.8-57.4c0-44.8-36.3-81.1-81.1-81.1z\"\/><\/svg>\n      <\/span>\n      <span class='bde-icon-list__text' >\n      <strong>Impl\u00e9mentation ERP<\/strong><br>Configuration des modules, migration des donn\u00e9es, tests fonctionnels.\n      <\/span>\n              <\/div>\n      \n    <\/li>\n\n  \n              \n    <li>\n              <div class='bde-icon-list__item-wrapper'>\n      \n      <span class='bde-icon-list__icon'>\n        <svg xmlns=\"http:\/\/www.w3.org\/2000\/svg\" viewBox=\"0 0 320 512\"><!--! Font Awesome Free 6.5.1 by @fontawesome - https:\/\/fontawesome.com License - https:\/\/fontawesome.com\/license\/free (Icons: CC BY 4.0, Fonts: SIL OFL 1.1, Code: MIT License) Copyright 2023 Fonticons, Inc. --><path d=\"M0 64C0 46.3 14.3 32 32 32H272c13.2 0 25 8.1 29.8 20.4s1.5 26.3-8.2 35.2L162.3 208H184c75.1 0 136 60.9 136 136s-60.9 136-136 136H105.4C63 480 24.2 456 5.3 418.1l-1.9-3.8c-7.9-15.8-1.5-35 14.3-42.9s35-1.5 42.9 14.3l1.9 3.8c8.1 16.3 24.8 26.5 42.9 26.5H184c39.8 0 72-32.2 72-72s-32.2-72-72-72H80c-13.2 0-25-8.1-29.8-20.4s-1.5-26.3 8.2-35.2L189.7 96H32C14.3 96 0 81.7 0 64z\"\/><\/svg>\n      <\/span>\n      <span class='bde-icon-list__text' >\n      <strong>Lancement & Support<\/strong><br>Formation, assistance au d\u00e9ploiement, et support continu.\n      <\/span>\n              <\/div>\n      \n    <\/li>\n\n  <\/ul>\n\n<\/div><\/div><div class=\"oxy-container-830-102 oxy-container cta-gen\"><h3 class=\"bde-heading-830-109 bde-heading cta-heading\">\nPr\u00eat \u00e0 moderniser votre entreprise avec Microsoft Business Central?\n<\/h3><div class=\"oxy-text-830-110 oxy-text cta-text\">\nUnifiez finances, ventes et cha\u00eene d\u2019approvisionnement dans un ERP cloud unique, propuls\u00e9 par Dynamics 365 Business Central.\n<\/div><div class=\"bde-button-830-111 bde-button cta-button\">\n    \n                                    \n    \n    \n    \n    \n            \n                    \n            \n            \n\n    \n    \n    \n    \n    \n    <a class=\"breakdance-link button-atom button-atom--primary bde-button__button\" href=\"https:\/\/outlook.office.com\/book\/Technov8Solutions@technov8s.com\/s\/bDWtmoX5R0ylh6UUqLezDQ2?ismsaljsauthenabled\" target=\"_self\" data-type=\"url\"  >\n\n    \n        <span class=\"button-atom__text\">Planifiez votre consultation ERP \u2192<\/span>\n\n        \n        \n                <\/a>\n\n    \n\n\n<\/div><\/div>","protected":false},"excerpt":{"rendered":"<p>ERP Business Central, Con\u00e7u pour les PME canadiennes Unifiez finances, op\u00e9rations et inventaire sur une plateforme ERP Microsoft \u00e9volutive et s\u00e9curis\u00e9e. Planifiez votre consultation ERP Aper\u00e7u Microsoft Dynamics 365 Business Central apporte la puissance ERP des grandes entreprises aux PME. Nous d\u00e9ployons des solutions sur mesure ax\u00e9es sur l\u2019automatisation financi\u00e8re, la visibilit\u00e9 de la cha\u00eene [&hellip;]<\/p>\n","protected":false},"author":1,"featured_media":0,"parent":0,"menu_order":0,"comment_status":"closed","ping_status":"closed","template":"","meta":{"_oxygen_hide_in_design_set":false,"_oxygen_tags":"","footnotes":""},"class_list":["post-830","page","type-page","status-publish","hentry"],"_links":{"self":[{"href":"https:\/\/technov8s.com\/fr\/wp-json\/wp\/v2\/pages\/830","targetHints":{"allow":["GET"]}}],"collection":[{"href":"https:\/\/technov8s.com\/fr\/wp-json\/wp\/v2\/pages"}],"about":[{"href":"https:\/\/technov8s.com\/fr\/wp-json\/wp\/v2\/types\/page"}],"author":[{"embeddable":true,"href":"https:\/\/technov8s.com\/fr\/wp-json\/wp\/v2\/users\/1"}],"replies":[{"embeddable":true,"href":"https:\/\/technov8s.com\/fr\/wp-json\/wp\/v2\/comments?post=830"}],"version-history":[{"count":3,"href":"https:\/\/technov8s.com\/fr\/wp-json\/wp\/v2\/pages\/830\/revisions"}],"predecessor-version":[{"id":1107,"href":"https:\/\/technov8s.com\/fr\/wp-json\/wp\/v2\/pages\/830\/revisions\/1107"}],"wp:attachment":[{"href":"https:\/\/technov8s.com\/fr\/wp-json\/wp\/v2\/media?parent=830"}],"curies":[{"name":"wp","href":"https:\/\/api.w.org\/{rel}","templated":true}]}}