{"id":842,"date":"2025-06-12T00:09:58","date_gmt":"2025-06-12T00:09:58","guid":{"rendered":"https:\/\/technov8s.com\/consulting-services\/"},"modified":"2025-09-16T18:38:08","modified_gmt":"2025-09-16T18:38:08","slug":"services-de-consultation","status":"publish","type":"page","link":"https:\/\/technov8s.com\/fr\/services-de-consultation\/","title":{"rendered":"Services de Consultation"},"content":{"rendered":"<div class=\"oxy-container-842-100 oxy-container container-28\"><div class=\"bde-columns-842-118 bde-columns\"><div class=\"bde-column-842-119 bde-column\">\n  \n  \n\t\n\n\n\n<h1 class=\"bde-heading-842-121 bde-heading hero-heading\">\nConsultation experte pour acc\u00e9l\u00e9rer votre transformation num\u00e9rique\n<\/h1><div class=\"oxy-text-842-122 oxy-text hero-subheader-white\">\nCartographiez vos syst\u00e8mes. Alignez votre strat\u00e9gie. Ex\u00e9cutez avec clart\u00e9 et confiance.\n<\/div><div class=\"bde-button-842-123 bde-button cta-button\">\n    \n                                    \n    \n    \n    \n    \n            \n                    \n            \n            \n\n    \n    \n    \n    \n    \n    <a class=\"breakdance-link button-atom button-atom--primary bde-button__button\" href=\"https:\/\/outlook.office.com\/book\/Technov8Solutions@technov8s.com\/s\/bDWtmoX5R0ylh6UUqLezDQ2?ismsaljsauthenabled\" target=\"_self\" data-type=\"url\"  >\n\n    \n        <span class=\"button-atom__text\">R\u00e9servez une session strat\u00e9gique<\/span>\n\n        \n        \n                <\/a>\n\n    \n\n\n<\/div>\n<\/div><div class=\"bde-column-842-120 bde-column\">\n  \n  \n\t\n\n\n\n<img decoding=\"async\" class=\"oxy-image-842-124 oxy-image\" src=\"https:\/\/technov8s.com\/wp-content\/uploads\/2025\/07\/Consulting_services_Technov8_Solutions.webp\" alt=\"Microsoft Dynamics 365 Business Central ERP system for growing businesses\" loading=\"lazy\" srcset=\"https:\/\/technov8s.com\/wp-content\/uploads\/2025\/07\/Consulting_services_Technov8_Solutions.webp 350w, https:\/\/technov8s.com\/wp-content\/uploads\/2025\/07\/Consulting_services_Technov8_Solutions-300x200.webp 300w\" sizes=\"(max-width: 350px) 100vw, 350px\">\n<\/div><\/div><\/div><div class=\"oxy-container-842-101 oxy-container container-body\"><h2 class=\"bde-heading-842-107 bde-heading heading-body\">\nAper\u00e7u\n<\/h2><div class=\"oxy-text-842-125 oxy-text body-text\">\nNos services de consultation s\u2019adressent aux PME pr\u00eates \u00e0 moderniser leurs op\u00e9rations, int\u00e9grer les outils cloud, et d\u00e9clencher leur croissance. Que vous r\u00e9organisiez, \u00e9voluiez ou lanciez une nouvelle phase, nous transformons la complexit\u00e9 en clart\u00e9 gr\u00e2ce \u00e0 Microsoft 365, SharePoint, Power Platform et des flux de travail propuls\u00e9s par l\u2019IA.\n<\/div><div class=\"bde-div-842-126 bde-div\">\n  \n  \n\t\n\n\n\n\n<\/div><h2 class=\"bde-heading-842-109 bde-heading heading-body\">\nServices Offerts\n<\/h2><div class=\"oxy-container-842-127 oxy-container section-boxes\"><div class=\"bde-icon-box-842-128 bde-icon-box\">\n\n    \n            <div class=\"ee-iconbox-icon breakdance-icon-atom\" >\n    \n                    <svg xmlns=\"http:\/\/www.w3.org\/2000\/svg\" viewBox=\"0 0 352 512\"><!-- Font Awesome Free 5.15.1 by @fontawesome - https:\/\/fontawesome.com License - https:\/\/fontawesome.com\/license\/free (Icons: CC BY 4.0, Fonts: SIL OFL 1.1, Code: MIT License) --><path d=\"M176 80c-52.94 0-96 43.06-96 96 0 8.84 7.16 16 16 16s16-7.16 16-16c0-35.3 28.72-64 64-64 8.84 0 16-7.16 16-16s-7.16-16-16-16zM96.06 459.17c0 3.15.93 6.22 2.68 8.84l24.51 36.84c2.97 4.46 7.97 7.14 13.32 7.14h78.85c5.36 0 10.36-2.68 13.32-7.14l24.51-36.84c1.74-2.62 2.67-5.7 2.68-8.84l.05-43.18H96.02l.04 43.18zM176 0C73.72 0 0 82.97 0 176c0 44.37 16.45 84.85 43.56 115.78 16.64 18.99 42.74 58.8 52.42 92.16v.06h48v-.12c-.01-4.77-.72-9.51-2.15-14.07-5.59-17.81-22.82-64.77-62.17-109.67-20.54-23.43-31.52-53.15-31.61-84.14-.2-73.64 59.67-128 127.95-128 70.58 0 128 57.42 128 128 0 30.97-11.24 60.85-31.65 84.14-39.11 44.61-56.42 91.47-62.1 109.46a47.507 47.507 0 0 0-2.22 14.3v.1h48v-.05c9.68-33.37 35.78-73.18 52.42-92.16C335.55 260.85 352 220.37 352 176 352 78.8 273.2 0 176 0z\"\/><\/svg>\n        \n        \n        \n            <\/div>\n    \n\n<div class=\"ee-iconbox-content\">\n      <p class=\"ee-iconbox-title bde-h3\" >Conseil en strat\u00e9gie num\u00e9rique<\/p>\n        <div class=\"ee-iconbox-text\" >D\u00e9finissez vos objectifs, priorit\u00e9s technologiques et flux align\u00e9s sur votre plan de croissance.<\/div>\n    <\/div>\n\n<\/div><div class=\"bde-icon-box-842-133 bde-icon-box\">\n\n    \n            <div class=\"ee-iconbox-icon breakdance-icon-atom\" >\n    \n                    <svg xmlns=\"http:\/\/www.w3.org\/2000\/svg\" viewBox=\"0 0 352 512\"><!-- Font Awesome Free 5.15.1 by @fontawesome - https:\/\/fontawesome.com License - https:\/\/fontawesome.com\/license\/free (Icons: CC BY 4.0, Fonts: SIL OFL 1.1, Code: MIT License) --><path d=\"M176 80c-52.94 0-96 43.06-96 96 0 8.84 7.16 16 16 16s16-7.16 16-16c0-35.3 28.72-64 64-64 8.84 0 16-7.16 16-16s-7.16-16-16-16zM96.06 459.17c0 3.15.93 6.22 2.68 8.84l24.51 36.84c2.97 4.46 7.97 7.14 13.32 7.14h78.85c5.36 0 10.36-2.68 13.32-7.14l24.51-36.84c1.74-2.62 2.67-5.7 2.68-8.84l.05-43.18H96.02l.04 43.18zM176 0C73.72 0 0 82.97 0 176c0 44.37 16.45 84.85 43.56 115.78 16.64 18.99 42.74 58.8 52.42 92.16v.06h48v-.12c-.01-4.77-.72-9.51-2.15-14.07-5.59-17.81-22.82-64.77-62.17-109.67-20.54-23.43-31.52-53.15-31.61-84.14-.2-73.64 59.67-128 127.95-128 70.58 0 128 57.42 128 128 0 30.97-11.24 60.85-31.65 84.14-39.11 44.61-56.42 91.47-62.1 109.46a47.507 47.507 0 0 0-2.22 14.3v.1h48v-.05c9.68-33.37 35.78-73.18 52.42-92.16C335.55 260.85 352 220.37 352 176 352 78.8 273.2 0 176 0z\"\/><\/svg>\n        \n        \n        \n            <\/div>\n    \n\n<div class=\"ee-iconbox-content\">\n      <p class=\"ee-iconbox-title bde-h3\" >Cartographie & Audit des syst\u00e8mes<\/p>\n        <div class=\"ee-iconbox-text\" >Visualisez comment vos outils, \u00e9quipes et processus interagissent, et identifiez les leviers d\u2019optimisation.<\/div>\n    <\/div>\n\n<\/div><div class=\"bde-icon-box-842-132 bde-icon-box\">\n\n    \n            <div class=\"ee-iconbox-icon breakdance-icon-atom\" >\n    \n                    <svg xmlns=\"http:\/\/www.w3.org\/2000\/svg\" viewBox=\"0 0 352 512\"><!-- Font Awesome Free 5.15.1 by @fontawesome - https:\/\/fontawesome.com License - https:\/\/fontawesome.com\/license\/free (Icons: CC BY 4.0, Fonts: SIL OFL 1.1, Code: MIT License) --><path d=\"M176 80c-52.94 0-96 43.06-96 96 0 8.84 7.16 16 16 16s16-7.16 16-16c0-35.3 28.72-64 64-64 8.84 0 16-7.16 16-16s-7.16-16-16-16zM96.06 459.17c0 3.15.93 6.22 2.68 8.84l24.51 36.84c2.97 4.46 7.97 7.14 13.32 7.14h78.85c5.36 0 10.36-2.68 13.32-7.14l24.51-36.84c1.74-2.62 2.67-5.7 2.68-8.84l.05-43.18H96.02l.04 43.18zM176 0C73.72 0 0 82.97 0 176c0 44.37 16.45 84.85 43.56 115.78 16.64 18.99 42.74 58.8 52.42 92.16v.06h48v-.12c-.01-4.77-.72-9.51-2.15-14.07-5.59-17.81-22.82-64.77-62.17-109.67-20.54-23.43-31.52-53.15-31.61-84.14-.2-73.64 59.67-128 127.95-128 70.58 0 128 57.42 128 128 0 30.97-11.24 60.85-31.65 84.14-39.11 44.61-56.42 91.47-62.1 109.46a47.507 47.507 0 0 0-2.22 14.3v.1h48v-.05c9.68-33.37 35.78-73.18 52.42-92.16C335.55 260.85 352 220.37 352 176 352 78.8 273.2 0 176 0z\"\/><\/svg>\n        \n        \n        \n            <\/div>\n    \n\n<div class=\"ee-iconbox-content\">\n      <p class=\"ee-iconbox-title bde-h3\" >D\u00e9ploiement Microsoft 365<\/p>\n        <div class=\"ee-iconbox-text\" >Maximisez vos licences avec SharePoint, OneDrive, Teams, et une gestion d\u2019identit\u00e9 s\u00e9curis\u00e9e.<\/div>\n    <\/div>\n\n<\/div><div class=\"bde-icon-box-842-131 bde-icon-box\">\n\n    \n            <div class=\"ee-iconbox-icon breakdance-icon-atom\" >\n    \n                    <svg xmlns=\"http:\/\/www.w3.org\/2000\/svg\" viewBox=\"0 0 352 512\"><!-- Font Awesome Free 5.15.1 by @fontawesome - https:\/\/fontawesome.com License - https:\/\/fontawesome.com\/license\/free (Icons: CC BY 4.0, Fonts: SIL OFL 1.1, Code: MIT License) --><path d=\"M176 80c-52.94 0-96 43.06-96 96 0 8.84 7.16 16 16 16s16-7.16 16-16c0-35.3 28.72-64 64-64 8.84 0 16-7.16 16-16s-7.16-16-16-16zM96.06 459.17c0 3.15.93 6.22 2.68 8.84l24.51 36.84c2.97 4.46 7.97 7.14 13.32 7.14h78.85c5.36 0 10.36-2.68 13.32-7.14l24.51-36.84c1.74-2.62 2.67-5.7 2.68-8.84l.05-43.18H96.02l.04 43.18zM176 0C73.72 0 0 82.97 0 176c0 44.37 16.45 84.85 43.56 115.78 16.64 18.99 42.74 58.8 52.42 92.16v.06h48v-.12c-.01-4.77-.72-9.51-2.15-14.07-5.59-17.81-22.82-64.77-62.17-109.67-20.54-23.43-31.52-53.15-31.61-84.14-.2-73.64 59.67-128 127.95-128 70.58 0 128 57.42 128 128 0 30.97-11.24 60.85-31.65 84.14-39.11 44.61-56.42 91.47-62.1 109.46a47.507 47.507 0 0 0-2.22 14.3v.1h48v-.05c9.68-33.37 35.78-73.18 52.42-92.16C335.55 260.85 352 220.37 352 176 352 78.8 273.2 0 176 0z\"\/><\/svg>\n        \n        \n        \n            <\/div>\n    \n\n<div class=\"ee-iconbox-content\">\n      <p class=\"ee-iconbox-title bde-h3\" >Conseil en automatisation<\/p>\n        <div class=\"ee-iconbox-text\" >Identifiez les processus automatisables et cr\u00e9ez une feuille de route pour Power Automate.<\/div>\n    <\/div>\n\n<\/div><div class=\"bde-icon-box-842-130 bde-icon-box\">\n\n    \n            <div class=\"ee-iconbox-icon breakdance-icon-atom\" >\n    \n                    <svg xmlns=\"http:\/\/www.w3.org\/2000\/svg\" viewBox=\"0 0 352 512\"><!-- Font Awesome Free 5.15.1 by @fontawesome - https:\/\/fontawesome.com License - https:\/\/fontawesome.com\/license\/free (Icons: CC BY 4.0, Fonts: SIL OFL 1.1, Code: MIT License) --><path d=\"M176 80c-52.94 0-96 43.06-96 96 0 8.84 7.16 16 16 16s16-7.16 16-16c0-35.3 28.72-64 64-64 8.84 0 16-7.16 16-16s-7.16-16-16-16zM96.06 459.17c0 3.15.93 6.22 2.68 8.84l24.51 36.84c2.97 4.46 7.97 7.14 13.32 7.14h78.85c5.36 0 10.36-2.68 13.32-7.14l24.51-36.84c1.74-2.62 2.67-5.7 2.68-8.84l.05-43.18H96.02l.04 43.18zM176 0C73.72 0 0 82.97 0 176c0 44.37 16.45 84.85 43.56 115.78 16.64 18.99 42.74 58.8 52.42 92.16v.06h48v-.12c-.01-4.77-.72-9.51-2.15-14.07-5.59-17.81-22.82-64.77-62.17-109.67-20.54-23.43-31.52-53.15-31.61-84.14-.2-73.64 59.67-128 127.95-128 70.58 0 128 57.42 128 128 0 30.97-11.24 60.85-31.65 84.14-39.11 44.61-56.42 91.47-62.1 109.46a47.507 47.507 0 0 0-2.22 14.3v.1h48v-.05c9.68-33.37 35.78-73.18 52.42-92.16C335.55 260.85 352 220.37 352 176 352 78.8 273.2 0 176 0z\"\/><\/svg>\n        \n        \n        \n            <\/div>\n    \n\n<div class=\"ee-iconbox-content\">\n      <p class=\"ee-iconbox-title bde-h3\" >Int\u00e9gration de l\u2019IA<\/p>\n        <div class=\"ee-iconbox-text\" >Rep\u00e9rez les cas d\u2019usage \u00e0 fort impact et impl\u00e9mentez Copilot, Power BI ou des outils bas\u00e9s sur GPT.<\/div>\n    <\/div>\n\n<\/div><div class=\"bde-icon-box-842-129 bde-icon-box\">\n\n    \n            <div class=\"ee-iconbox-icon breakdance-icon-atom\" >\n    \n                    <svg xmlns=\"http:\/\/www.w3.org\/2000\/svg\" viewBox=\"0 0 352 512\"><!-- Font Awesome Free 5.15.1 by @fontawesome - https:\/\/fontawesome.com License - https:\/\/fontawesome.com\/license\/free (Icons: CC BY 4.0, Fonts: SIL OFL 1.1, Code: MIT License) --><path d=\"M176 80c-52.94 0-96 43.06-96 96 0 8.84 7.16 16 16 16s16-7.16 16-16c0-35.3 28.72-64 64-64 8.84 0 16-7.16 16-16s-7.16-16-16-16zM96.06 459.17c0 3.15.93 6.22 2.68 8.84l24.51 36.84c2.97 4.46 7.97 7.14 13.32 7.14h78.85c5.36 0 10.36-2.68 13.32-7.14l24.51-36.84c1.74-2.62 2.67-5.7 2.68-8.84l.05-43.18H96.02l.04 43.18zM176 0C73.72 0 0 82.97 0 176c0 44.37 16.45 84.85 43.56 115.78 16.64 18.99 42.74 58.8 52.42 92.16v.06h48v-.12c-.01-4.77-.72-9.51-2.15-14.07-5.59-17.81-22.82-64.77-62.17-109.67-20.54-23.43-31.52-53.15-31.61-84.14-.2-73.64 59.67-128 127.95-128 70.58 0 128 57.42 128 128 0 30.97-11.24 60.85-31.65 84.14-39.11 44.61-56.42 91.47-62.1 109.46a47.507 47.507 0 0 0-2.22 14.3v.1h48v-.05c9.68-33.37 35.78-73.18 52.42-92.16C335.55 260.85 352 220.37 352 176 352 78.8 273.2 0 176 0z\"\/><\/svg>\n        \n        \n        \n            <\/div>\n    \n\n<div class=\"ee-iconbox-content\">\n      <p class=\"ee-iconbox-title bde-h3\" >CTO Fractionnaire<\/p>\n        <div class=\"ee-iconbox-text\" >B\u00e9n\u00e9ficiez d\u2019un leadership technologique strat\u00e9gique, sans co\u00fbt \u00e0 temps plein.<\/div>\n    <\/div>\n\n<\/div><\/div><\/div><div class=\"oxy-container-842-134 oxy-container container-body-white-bg\"><h2 class=\"bde-heading-842-135 bde-heading heading-body\">\nComment \u00c7a Marche\n<\/h2><div class=\"bde-icon-list-842-136 bde-icon-list\">\n<ul>\n  \n              \n    <li>\n              <div class='bde-icon-list__item-wrapper'>\n      \n      <span class='bde-icon-list__icon'>\n        <svg xmlns=\"http:\/\/www.w3.org\/2000\/svg\" viewBox=\"0 0 256 512\"><!--! Font Awesome Free 6.5.1 by @fontawesome - https:\/\/fontawesome.com License - https:\/\/fontawesome.com\/license\/free (Icons: CC BY 4.0, Fonts: SIL OFL 1.1, Code: MIT License) Copyright 2023 Fonticons, Inc. --><path d=\"M160 64c0-11.8-6.5-22.6-16.9-28.2s-23-5-32.8 1.6l-96 64C-.5 111.2-4.4 131 5.4 145.8s29.7 18.7 44.4 8.9L96 123.8V416H32c-17.7 0-32 14.3-32 32s14.3 32 32 32h96 96c17.7 0 32-14.3 32-32s-14.3-32-32-32H160V64z\"\/><\/svg>\n      <\/span>\n      <span class='bde-icon-list__text' >\n      <strong>Lancement strat\u00e9gique<\/strong><br>Identification des points de friction, priorit\u00e9s et opportunit\u00e9s.\n      <\/span>\n              <\/div>\n      \n    <\/li>\n\n  \n              \n    <li>\n              <div class='bde-icon-list__item-wrapper'>\n      \n      <span class='bde-icon-list__icon'>\n        <svg xmlns=\"http:\/\/www.w3.org\/2000\/svg\" viewBox=\"0 0 320 512\"><!--! Font Awesome Free 6.5.1 by @fontawesome - https:\/\/fontawesome.com License - https:\/\/fontawesome.com\/license\/free (Icons: CC BY 4.0, Fonts: SIL OFL 1.1, Code: MIT License) Copyright 2023 Fonticons, Inc. --><path d=\"M142.9 96c-21.5 0-42.2 8.5-57.4 23.8L54.6 150.6c-12.5 12.5-32.8 12.5-45.3 0s-12.5-32.8 0-45.3L40.2 74.5C67.5 47.3 104.4 32 142.9 32C223 32 288 97 288 177.1c0 38.5-15.3 75.4-42.5 102.6L109.3 416H288c17.7 0 32 14.3 32 32s-14.3 32-32 32H32c-12.9 0-24.6-7.8-29.6-19.8s-2.2-25.7 6.9-34.9L200.2 234.5c15.2-15.2 23.8-35.9 23.8-57.4c0-44.8-36.3-81.1-81.1-81.1z\"\/><\/svg>\n      <\/span>\n      <span class='bde-icon-list__text' >\n      <strong>Audit & Cartographie<\/strong><br>Analyse approfondie de vos flux, outils et architecture.\n      <\/span>\n              <\/div>\n      \n    <\/li>\n\n  \n              \n    <li>\n              <div class='bde-icon-list__item-wrapper'>\n      \n      <span class='bde-icon-list__icon'>\n        <svg xmlns=\"http:\/\/www.w3.org\/2000\/svg\" viewBox=\"0 0 320 512\"><!--! Font Awesome Free 6.5.1 by @fontawesome - https:\/\/fontawesome.com License - https:\/\/fontawesome.com\/license\/free (Icons: CC BY 4.0, Fonts: SIL OFL 1.1, Code: MIT License) Copyright 2023 Fonticons, Inc. --><path d=\"M0 64C0 46.3 14.3 32 32 32H272c13.2 0 25 8.1 29.8 20.4s1.5 26.3-8.2 35.2L162.3 208H184c75.1 0 136 60.9 136 136s-60.9 136-136 136H105.4C63 480 24.2 456 5.3 418.1l-1.9-3.8c-7.9-15.8-1.5-35 14.3-42.9s35-1.5 42.9 14.3l1.9 3.8c8.1 16.3 24.8 26.5 42.9 26.5H184c39.8 0 72-32.2 72-72s-32.2-72-72-72H80c-13.2 0-25-8.1-29.8-20.4s-1.5-26.3 8.2-35.2L189.7 96H32C14.3 96 0 81.7 0 64z\"\/><\/svg>\n      <\/span>\n      <span class='bde-icon-list__text' >\n      <strong>Feuille de route & Suivi<\/strong><br>Livraison du plan strat\u00e9gique, des options de mise en \u0153uvre et d\u2019accompagnement.\n      <\/span>\n              <\/div>\n      \n    <\/li>\n\n  <\/ul>\n\n<\/div><\/div><div class=\"oxy-container-842-102 oxy-container cta-gen\"><h3 class=\"bde-heading-842-103 bde-heading cta-heading\">\nDonnez un nouvel \u00e9lan \u00e0 votre entreprise avec une strat\u00e9gie digitale sur mesure.<br>\n<\/h3><div class=\"oxy-text-842-104 oxy-text cta-text\">\nCollaborez avec nos experts pour concevoir, d\u00e9ployer et optimiser vos solutions informatiques de bout en bout.\n<\/div><div class=\"bde-button-842-105 bde-button cta-button\">\n    \n                                    \n    \n    \n    \n    \n            \n                    \n            \n            \n\n    \n    \n    \n    \n    \n    <a class=\"breakdance-link button-atom button-atom--primary bde-button__button\" href=\"https:\/\/outlook.office.com\/book\/Technov8Solutions@technov8s.com\/s\/bDWtmoX5R0ylh6UUqLezDQ2?ismsaljsauthenabled\" target=\"_self\" data-type=\"url\"  >\n\n    \n        <span class=\"button-atom__text\">R\u00e9servez votre session strat\u00e9gique \u2192<\/span>\n\n        \n        \n                <\/a>\n\n    \n\n\n<\/div><\/div>","protected":false},"excerpt":{"rendered":"<p>Consultation experte pour acc\u00e9l\u00e9rer votre transformation num\u00e9rique Cartographiez vos syst\u00e8mes. Alignez votre strat\u00e9gie. Ex\u00e9cutez avec clart\u00e9 et confiance. R\u00e9servez une session strat\u00e9gique Aper\u00e7u Nos services de consultation s\u2019adressent aux PME pr\u00eates \u00e0 moderniser leurs op\u00e9rations, int\u00e9grer les outils cloud, et d\u00e9clencher leur croissance. Que vous r\u00e9organisiez, \u00e9voluiez ou lanciez une nouvelle phase, nous transformons la [&hellip;]<\/p>\n","protected":false},"author":1,"featured_media":0,"parent":0,"menu_order":0,"comment_status":"closed","ping_status":"closed","template":"","meta":{"_oxygen_hide_in_design_set":false,"_oxygen_tags":"","footnotes":""},"class_list":["post-842","page","type-page","status-publish","hentry"],"_links":{"self":[{"href":"https:\/\/technov8s.com\/fr\/wp-json\/wp\/v2\/pages\/842","targetHints":{"allow":["GET"]}}],"collection":[{"href":"https:\/\/technov8s.com\/fr\/wp-json\/wp\/v2\/pages"}],"about":[{"href":"https:\/\/technov8s.com\/fr\/wp-json\/wp\/v2\/types\/page"}],"author":[{"embeddable":true,"href":"https:\/\/technov8s.com\/fr\/wp-json\/wp\/v2\/users\/1"}],"replies":[{"embeddable":true,"href":"https:\/\/technov8s.com\/fr\/wp-json\/wp\/v2\/comments?post=842"}],"version-history":[{"count":5,"href":"https:\/\/technov8s.com\/fr\/wp-json\/wp\/v2\/pages\/842\/revisions"}],"predecessor-version":[{"id":1116,"href":"https:\/\/technov8s.com\/fr\/wp-json\/wp\/v2\/pages\/842\/revisions\/1116"}],"wp:attachment":[{"href":"https:\/\/technov8s.com\/fr\/wp-json\/wp\/v2\/media?parent=842"}],"curies":[{"name":"wp","href":"https:\/\/api.w.org\/{rel}","templated":true}]}}