{"id":861,"date":"2025-07-18T18:47:37","date_gmt":"2025-07-18T18:47:37","guid":{"rendered":"https:\/\/technov8s.com\/microsoft-365-setup\/"},"modified":"2025-09-16T18:37:32","modified_gmt":"2025-09-16T18:37:32","slug":"configuration-microsoft","status":"publish","type":"page","link":"https:\/\/technov8s.com\/fr\/configuration-microsoft\/","title":{"rendered":"Configuration Microsoft"},"content":{"rendered":"<div class=\"oxy-container-861-100 oxy-container container-29\"><div class=\"bde-columns-861-101 bde-columns\"><div class=\"bde-column-861-102 bde-column\">\n  \n  \n\t\n\n\n\n<h1 class=\"bde-heading-861-104 bde-heading hero-heading\">\nMise en place de Microsoft 365 \u2014 S\u00e9curis\u00e9e, Scalable, et Optimis\u00e9e<br>\n<\/h1><div class=\"oxy-text-861-105 oxy-text hero-subheader-white\">\nD\u00e9ployez Microsoft 365 sans erreurs. Nous configurons votre environnement cloud, s\u00e9curisons vos donn\u00e9es et optimisons vos licences.\n<\/div><div class=\"bde-button-861-106 bde-button cta-button\">\n    \n                                    \n    \n    \n    \n    \n            \n                    \n            \n            \n\n    \n    \n    \n    \n    \n    <a class=\"breakdance-link button-atom button-atom--primary bde-button__button\" href=\"https:\/\/outlook.office.com\/book\/Technov8Solutions@technov8s.com\/s\/bDWtmoX5R0ylh6UUqLezDQ2?ismsaljsauthenabled\" target=\"_self\" data-type=\"url\"  >\n\n    \n        <span class=\"button-atom__text\">R\u00e9servez votre configuration 365<\/span>\n\n        \n        \n                <\/a>\n\n    \n\n\n<\/div>\n<\/div><div class=\"bde-column-861-103 bde-column\">\n  \n  \n\t\n\n\n\n<img decoding=\"async\" class=\"oxy-image-861-118 oxy-image\" src=\"https:\/\/technov8s.com\/wp-content\/uploads\/2025\/07\/Technov8_Solutions_Microsoft_365_Setup.webp\" loading=\"lazy\" srcset=\"https:\/\/technov8s.com\/wp-content\/uploads\/2025\/07\/Technov8_Solutions_Microsoft_365_Setup.webp 350w, https:\/\/technov8s.com\/wp-content\/uploads\/2025\/07\/Technov8_Solutions_Microsoft_365_Setup-300x200.webp 300w\" sizes=\"(max-width: 350px) 100vw, 350px\">\n<\/div><\/div><\/div><div class=\"oxy-container-861-107 oxy-container container-body\"><h2 class=\"bde-heading-861-108 bde-heading heading-body\">\nAper\u00e7u\n<\/h2><div class=\"oxy-text-861-109 oxy-text body-text\">\nMicrosoft 365 est puissant s\u2019il est bien configur\u00e9. Nous accompagnons les PME canadiennes dans le d\u00e9ploiement complet et s\u00e9curis\u00e9 de Microsoft 365 : Exchange, SharePoint, Teams, OneDrive, s\u00e9curit\u00e9, gestion des utilisateurs. Un setup propre d\u00e8s le d\u00e9part.<br>\n<\/div><div class=\"bde-div-861-112 bde-div space\">\n  \n  \n\t\n\n\n\n\n<\/div><h2 class=\"bde-heading-861-110 bde-heading heading-body\">\nFonctionnalit\u00e9s Cl\u00e9s\n<\/h2><div class=\"oxy-container-861-111 oxy-container section-boxes\"><div class=\"bde-icon-box-861-119 bde-icon-box\">\n\n    \n            <div class=\"ee-iconbox-icon breakdance-icon-atom\" >\n    \n                    <svg xmlns=\"http:\/\/www.w3.org\/2000\/svg\" viewBox=\"0 0 352 512\"><!-- Font Awesome Free 5.15.1 by @fontawesome - https:\/\/fontawesome.com License - https:\/\/fontawesome.com\/license\/free (Icons: CC BY 4.0, Fonts: SIL OFL 1.1, Code: MIT License) --><path d=\"M176 80c-52.94 0-96 43.06-96 96 0 8.84 7.16 16 16 16s16-7.16 16-16c0-35.3 28.72-64 64-64 8.84 0 16-7.16 16-16s-7.16-16-16-16zM96.06 459.17c0 3.15.93 6.22 2.68 8.84l24.51 36.84c2.97 4.46 7.97 7.14 13.32 7.14h78.85c5.36 0 10.36-2.68 13.32-7.14l24.51-36.84c1.74-2.62 2.67-5.7 2.68-8.84l.05-43.18H96.02l.04 43.18zM176 0C73.72 0 0 82.97 0 176c0 44.37 16.45 84.85 43.56 115.78 16.64 18.99 42.74 58.8 52.42 92.16v.06h48v-.12c-.01-4.77-.72-9.51-2.15-14.07-5.59-17.81-22.82-64.77-62.17-109.67-20.54-23.43-31.52-53.15-31.61-84.14-.2-73.64 59.67-128 127.95-128 70.58 0 128 57.42 128 128 0 30.97-11.24 60.85-31.65 84.14-39.11 44.61-56.42 91.47-62.1 109.46a47.507 47.507 0 0 0-2.22 14.3v.1h48v-.05c9.68-33.37 35.78-73.18 52.42-92.16C335.55 260.85 352 220.37 352 176 352 78.8 273.2 0 176 0z\"\/><\/svg>\n        \n        \n        \n            <\/div>\n    \n\n<div class=\"ee-iconbox-content\">\n      <p class=\"ee-iconbox-title bde-h3\" >Email & Exchange Online<\/p>\n        <div class=\"ee-iconbox-text\" >Email professionnel avec domaine personnalis\u00e9, bo\u00eetes partag\u00e9es, alias et filtrage anti-spam.<\/div>\n    <\/div>\n\n<\/div><div class=\"bde-icon-box-861-120 bde-icon-box\">\n\n    \n            <div class=\"ee-iconbox-icon breakdance-icon-atom\" >\n    \n                    <svg xmlns=\"http:\/\/www.w3.org\/2000\/svg\" viewBox=\"0 0 352 512\"><!-- Font Awesome Free 5.15.1 by @fontawesome - https:\/\/fontawesome.com License - https:\/\/fontawesome.com\/license\/free (Icons: CC BY 4.0, Fonts: SIL OFL 1.1, Code: MIT License) --><path d=\"M176 80c-52.94 0-96 43.06-96 96 0 8.84 7.16 16 16 16s16-7.16 16-16c0-35.3 28.72-64 64-64 8.84 0 16-7.16 16-16s-7.16-16-16-16zM96.06 459.17c0 3.15.93 6.22 2.68 8.84l24.51 36.84c2.97 4.46 7.97 7.14 13.32 7.14h78.85c5.36 0 10.36-2.68 13.32-7.14l24.51-36.84c1.74-2.62 2.67-5.7 2.68-8.84l.05-43.18H96.02l.04 43.18zM176 0C73.72 0 0 82.97 0 176c0 44.37 16.45 84.85 43.56 115.78 16.64 18.99 42.74 58.8 52.42 92.16v.06h48v-.12c-.01-4.77-.72-9.51-2.15-14.07-5.59-17.81-22.82-64.77-62.17-109.67-20.54-23.43-31.52-53.15-31.61-84.14-.2-73.64 59.67-128 127.95-128 70.58 0 128 57.42 128 128 0 30.97-11.24 60.85-31.65 84.14-39.11 44.61-56.42 91.47-62.1 109.46a47.507 47.507 0 0 0-2.22 14.3v.1h48v-.05c9.68-33.37 35.78-73.18 52.42-92.16C335.55 260.85 352 220.37 352 176 352 78.8 273.2 0 176 0z\"\/><\/svg>\n        \n        \n        \n            <\/div>\n    \n\n<div class=\"ee-iconbox-content\">\n      <p class=\"ee-iconbox-title bde-h3\" >Configuration SharePoint<\/p>\n        <div class=\"ee-iconbox-text\" >Acc\u00e8s centralis\u00e9 aux fichiers, par \u00e9quipes ou projets, avec contr\u00f4le des permissions et gouvernance interne.<\/div>\n    <\/div>\n\n<\/div><div class=\"bde-icon-box-861-121 bde-icon-box\">\n\n    \n            <div class=\"ee-iconbox-icon breakdance-icon-atom\" >\n    \n                    <svg xmlns=\"http:\/\/www.w3.org\/2000\/svg\" viewBox=\"0 0 352 512\"><!-- Font Awesome Free 5.15.1 by @fontawesome - https:\/\/fontawesome.com License - https:\/\/fontawesome.com\/license\/free (Icons: CC BY 4.0, Fonts: SIL OFL 1.1, Code: MIT License) --><path d=\"M176 80c-52.94 0-96 43.06-96 96 0 8.84 7.16 16 16 16s16-7.16 16-16c0-35.3 28.72-64 64-64 8.84 0 16-7.16 16-16s-7.16-16-16-16zM96.06 459.17c0 3.15.93 6.22 2.68 8.84l24.51 36.84c2.97 4.46 7.97 7.14 13.32 7.14h78.85c5.36 0 10.36-2.68 13.32-7.14l24.51-36.84c1.74-2.62 2.67-5.7 2.68-8.84l.05-43.18H96.02l.04 43.18zM176 0C73.72 0 0 82.97 0 176c0 44.37 16.45 84.85 43.56 115.78 16.64 18.99 42.74 58.8 52.42 92.16v.06h48v-.12c-.01-4.77-.72-9.51-2.15-14.07-5.59-17.81-22.82-64.77-62.17-109.67-20.54-23.43-31.52-53.15-31.61-84.14-.2-73.64 59.67-128 127.95-128 70.58 0 128 57.42 128 128 0 30.97-11.24 60.85-31.65 84.14-39.11 44.61-56.42 91.47-62.1 109.46a47.507 47.507 0 0 0-2.22 14.3v.1h48v-.05c9.68-33.37 35.78-73.18 52.42-92.16C335.55 260.85 352 220.37 352 176 352 78.8 273.2 0 176 0z\"\/><\/svg>\n        \n        \n        \n            <\/div>\n    \n\n<div class=\"ee-iconbox-content\">\n      <p class=\"ee-iconbox-title bde-h3\" >Configuration de Teams<\/p>\n        <div class=\"ee-iconbox-text\" >Canaux structur\u00e9s, politique de r\u00e9unions et contr\u00f4le des invit\u00e9s pour une collaboration en temps r\u00e9el.<\/div>\n    <\/div>\n\n<\/div><div class=\"bde-icon-box-861-122 bde-icon-box\">\n\n    \n            <div class=\"ee-iconbox-icon breakdance-icon-atom\" >\n    \n                    <svg xmlns=\"http:\/\/www.w3.org\/2000\/svg\" viewBox=\"0 0 352 512\"><!-- Font Awesome Free 5.15.1 by @fontawesome - https:\/\/fontawesome.com License - https:\/\/fontawesome.com\/license\/free (Icons: CC BY 4.0, Fonts: SIL OFL 1.1, Code: MIT License) --><path d=\"M176 80c-52.94 0-96 43.06-96 96 0 8.84 7.16 16 16 16s16-7.16 16-16c0-35.3 28.72-64 64-64 8.84 0 16-7.16 16-16s-7.16-16-16-16zM96.06 459.17c0 3.15.93 6.22 2.68 8.84l24.51 36.84c2.97 4.46 7.97 7.14 13.32 7.14h78.85c5.36 0 10.36-2.68 13.32-7.14l24.51-36.84c1.74-2.62 2.67-5.7 2.68-8.84l.05-43.18H96.02l.04 43.18zM176 0C73.72 0 0 82.97 0 176c0 44.37 16.45 84.85 43.56 115.78 16.64 18.99 42.74 58.8 52.42 92.16v.06h48v-.12c-.01-4.77-.72-9.51-2.15-14.07-5.59-17.81-22.82-64.77-62.17-109.67-20.54-23.43-31.52-53.15-31.61-84.14-.2-73.64 59.67-128 127.95-128 70.58 0 128 57.42 128 128 0 30.97-11.24 60.85-31.65 84.14-39.11 44.61-56.42 91.47-62.1 109.46a47.507 47.507 0 0 0-2.22 14.3v.1h48v-.05c9.68-33.37 35.78-73.18 52.42-92.16C335.55 260.85 352 220.37 352 176 352 78.8 273.2 0 176 0z\"\/><\/svg>\n        \n        \n        \n            <\/div>\n    \n\n<div class=\"ee-iconbox-content\">\n      <p class=\"ee-iconbox-title bde-h3\" >S\u00e9curit\u00e9 & Conformit\u00e9<\/p>\n        <div class=\"ee-iconbox-text\" >Acc\u00e8s conditionnel, MFA, conformit\u00e9 PIPEDA\/Loi 25, et journalisation des activit\u00e9s critiques.<\/div>\n    <\/div>\n\n<\/div><div class=\"bde-icon-box-861-123 bde-icon-box\">\n\n    \n            <div class=\"ee-iconbox-icon breakdance-icon-atom\" >\n    \n                    <svg xmlns=\"http:\/\/www.w3.org\/2000\/svg\" viewBox=\"0 0 352 512\"><!-- Font Awesome Free 5.15.1 by @fontawesome - https:\/\/fontawesome.com License - https:\/\/fontawesome.com\/license\/free (Icons: CC BY 4.0, Fonts: SIL OFL 1.1, Code: MIT License) --><path d=\"M176 80c-52.94 0-96 43.06-96 96 0 8.84 7.16 16 16 16s16-7.16 16-16c0-35.3 28.72-64 64-64 8.84 0 16-7.16 16-16s-7.16-16-16-16zM96.06 459.17c0 3.15.93 6.22 2.68 8.84l24.51 36.84c2.97 4.46 7.97 7.14 13.32 7.14h78.85c5.36 0 10.36-2.68 13.32-7.14l24.51-36.84c1.74-2.62 2.67-5.7 2.68-8.84l.05-43.18H96.02l.04 43.18zM176 0C73.72 0 0 82.97 0 176c0 44.37 16.45 84.85 43.56 115.78 16.64 18.99 42.74 58.8 52.42 92.16v.06h48v-.12c-.01-4.77-.72-9.51-2.15-14.07-5.59-17.81-22.82-64.77-62.17-109.67-20.54-23.43-31.52-53.15-31.61-84.14-.2-73.64 59.67-128 127.95-128 70.58 0 128 57.42 128 128 0 30.97-11.24 60.85-31.65 84.14-39.11 44.61-56.42 91.47-62.1 109.46a47.507 47.507 0 0 0-2.22 14.3v.1h48v-.05c9.68-33.37 35.78-73.18 52.42-92.16C335.55 260.85 352 220.37 352 176 352 78.8 273.2 0 176 0z\"\/><\/svg>\n        \n        \n        \n            <\/div>\n    \n\n<div class=\"ee-iconbox-content\">\n      <p class=\"ee-iconbox-title bde-h3\" >Synchronisation OneDrive<\/p>\n        <div class=\"ee-iconbox-text\" >Sauvegarde cloud et acc\u00e8s fluide \u00e0 tous vos fichiers, sur tous vos appareils.<\/div>\n    <\/div>\n\n<\/div><div class=\"bde-icon-box-861-124 bde-icon-box\">\n\n    \n            <div class=\"ee-iconbox-icon breakdance-icon-atom\" >\n    \n                    <svg xmlns=\"http:\/\/www.w3.org\/2000\/svg\" viewBox=\"0 0 352 512\"><!-- Font Awesome Free 5.15.1 by @fontawesome - https:\/\/fontawesome.com License - https:\/\/fontawesome.com\/license\/free (Icons: CC BY 4.0, Fonts: SIL OFL 1.1, Code: MIT License) --><path d=\"M176 80c-52.94 0-96 43.06-96 96 0 8.84 7.16 16 16 16s16-7.16 16-16c0-35.3 28.72-64 64-64 8.84 0 16-7.16 16-16s-7.16-16-16-16zM96.06 459.17c0 3.15.93 6.22 2.68 8.84l24.51 36.84c2.97 4.46 7.97 7.14 13.32 7.14h78.85c5.36 0 10.36-2.68 13.32-7.14l24.51-36.84c1.74-2.62 2.67-5.7 2.68-8.84l.05-43.18H96.02l.04 43.18zM176 0C73.72 0 0 82.97 0 176c0 44.37 16.45 84.85 43.56 115.78 16.64 18.99 42.74 58.8 52.42 92.16v.06h48v-.12c-.01-4.77-.72-9.51-2.15-14.07-5.59-17.81-22.82-64.77-62.17-109.67-20.54-23.43-31.52-53.15-31.61-84.14-.2-73.64 59.67-128 127.95-128 70.58 0 128 57.42 128 128 0 30.97-11.24 60.85-31.65 84.14-39.11 44.61-56.42 91.47-62.1 109.46a47.507 47.507 0 0 0-2.22 14.3v.1h48v-.05c9.68-33.37 35.78-73.18 52.42-92.16C335.55 260.85 352 220.37 352 176 352 78.8 273.2 0 176 0z\"\/><\/svg>\n        \n        \n        \n            <\/div>\n    \n\n<div class=\"ee-iconbox-content\">\n      <p class=\"ee-iconbox-title bde-h3\" >Optimisation des licences<\/p>\n        <div class=\"ee-iconbox-text\" >Nous vous aidons \u00e0 choisir le bon plan, \u00e9viter les co\u00fbts inutiles, et \u00e9voluer efficacement en CSP.<\/div>\n    <\/div>\n\n<\/div><\/div><\/div><div class=\"oxy-container-861-113 oxy-container container-body-white-bg\"><h2 class=\"bde-heading-861-114 bde-heading heading-body\">\n\u00c9tapes de Configuration\n<\/h2><div class=\"bde-icon-list-861-125 bde-icon-list\">\n<ul>\n  \n              \n    <li>\n              <div class='bde-icon-list__item-wrapper'>\n      \n      <span class='bde-icon-list__icon'>\n        <svg xmlns=\"http:\/\/www.w3.org\/2000\/svg\" viewBox=\"0 0 256 512\"><!--! Font Awesome Free 6.5.1 by @fontawesome - https:\/\/fontawesome.com License - https:\/\/fontawesome.com\/license\/free (Icons: CC BY 4.0, Fonts: SIL OFL 1.1, Code: MIT License) Copyright 2023 Fonticons, Inc. --><path d=\"M160 64c0-11.8-6.5-22.6-16.9-28.2s-23-5-32.8 1.6l-96 64C-.5 111.2-4.4 131 5.4 145.8s29.7 18.7 44.4 8.9L96 123.8V416H32c-17.7 0-32 14.3-32 32s14.3 32 32 32h96 96c17.7 0 32-14.3 32-32s-14.3-32-32-32H160V64z\"\/><\/svg>\n      <\/span>\n      <span class='bde-icon-list__text' >\n      <strong>Analyse & Licences<\/strong><br>\u00c9valuation des besoins, effectifs, et choix du plan Microsoft 365 id\u00e9al.\n      <\/span>\n              <\/div>\n      \n    <\/li>\n\n  \n              \n    <li>\n              <div class='bde-icon-list__item-wrapper'>\n      \n      <span class='bde-icon-list__icon'>\n        <svg xmlns=\"http:\/\/www.w3.org\/2000\/svg\" viewBox=\"0 0 320 512\"><!--! Font Awesome Free 6.5.1 by @fontawesome - https:\/\/fontawesome.com License - https:\/\/fontawesome.com\/license\/free (Icons: CC BY 4.0, Fonts: SIL OFL 1.1, Code: MIT License) Copyright 2023 Fonticons, Inc. --><path d=\"M142.9 96c-21.5 0-42.2 8.5-57.4 23.8L54.6 150.6c-12.5 12.5-32.8 12.5-45.3 0s-12.5-32.8 0-45.3L40.2 74.5C67.5 47.3 104.4 32 142.9 32C223 32 288 97 288 177.1c0 38.5-15.3 75.4-42.5 102.6L109.3 416H288c17.7 0 32 14.3 32 32s-14.3 32-32 32H32c-12.9 0-24.6-7.8-29.6-19.8s-2.2-25.7 6.9-34.9L200.2 234.5c15.2-15.2 23.8-35.9 23.8-57.4c0-44.8-36.3-81.1-81.1-81.1z\"\/><\/svg>\n      <\/span>\n      <span class='bde-icon-list__text' >\n      <strong>Configuration du syst\u00e8me<\/strong><br>Cr\u00e9ation des utilisateurs, d\u00e9finition des droits, param\u00e9trage d\u2019Exchange, SharePoint, Teams.\n      <\/span>\n              <\/div>\n      \n    <\/li>\n\n  \n              \n    <li>\n              <div class='bde-icon-list__item-wrapper'>\n      \n      <span class='bde-icon-list__icon'>\n        <svg xmlns=\"http:\/\/www.w3.org\/2000\/svg\" viewBox=\"0 0 320 512\"><!--! Font Awesome Free 6.5.1 by @fontawesome - https:\/\/fontawesome.com License - https:\/\/fontawesome.com\/license\/free (Icons: CC BY 4.0, Fonts: SIL OFL 1.1, Code: MIT License) Copyright 2023 Fonticons, Inc. --><path d=\"M0 64C0 46.3 14.3 32 32 32H272c13.2 0 25 8.1 29.8 20.4s1.5 26.3-8.2 35.2L162.3 208H184c75.1 0 136 60.9 136 136s-60.9 136-136 136H105.4C63 480 24.2 456 5.3 418.1l-1.9-3.8c-7.9-15.8-1.5-35 14.3-42.9s35-1.5 42.9 14.3l1.9 3.8c8.1 16.3 24.8 26.5 42.9 26.5H184c39.8 0 72-32.2 72-72s-32.2-72-72-72H80c-13.2 0-25-8.1-29.8-20.4s-1.5-26.3 8.2-35.2L189.7 96H32C14.3 96 0 81.7 0 64z\"\/><\/svg>\n      <\/span>\n      <span class='bde-icon-list__text' >\n      <strong>S\u00e9curit\u00e9 & Lancement<\/strong><br> Mise en place des politiques de conformit\u00e9, formation, et remise de la documentation.\n      <\/span>\n              <\/div>\n      \n    <\/li>\n\n  <\/ul>\n\n<\/div><\/div><div class=\"oxy-container-861-115 oxy-container cta-gen\"><h2 class=\"bde-heading-861-116 bde-heading cta-heading\">\nS\u00e9curisez, simplifiez et optimisez votre environnement Microsoft 365 d\u00e8s aujourd\u2019hui.\n<\/h2><div class=\"bde-button-861-117 bde-button\">\n    \n                                    \n    \n    \n    \n    \n            \n                    \n            \n            \n\n    \n    \n    \n    \n    \n    <a class=\"breakdance-link button-atom button-atom--primary bde-button__button\" href=\"https:\/\/outlook.office.com\/book\/Technov8Solutions@technov8s.com\/s\/bDWtmoX5R0ylh6UUqLezDQ2?ismsaljsauthenabled\" target=\"_self\" data-type=\"url\"  >\n\n    \n        <span class=\"button-atom__text\">R\u00e9servez votre configuration 365 \u2192<\/span>\n\n        \n        \n                <\/a>\n\n    \n\n\n<\/div><\/div>","protected":false},"excerpt":{"rendered":"<p>Mise en place de Microsoft 365 \u2014 S\u00e9curis\u00e9e, Scalable, et Optimis\u00e9e D\u00e9ployez Microsoft 365 sans erreurs. Nous configurons votre environnement cloud, s\u00e9curisons vos donn\u00e9es et optimisons vos licences. R\u00e9servez votre configuration 365 Aper\u00e7u Microsoft 365 est puissant s\u2019il est bien configur\u00e9. Nous accompagnons les PME canadiennes dans le d\u00e9ploiement complet et s\u00e9curis\u00e9 de Microsoft 365 [&hellip;]<\/p>\n","protected":false},"author":1,"featured_media":0,"parent":0,"menu_order":0,"comment_status":"closed","ping_status":"closed","template":"","meta":{"_oxygen_hide_in_design_set":false,"_oxygen_tags":"","footnotes":""},"class_list":["post-861","page","type-page","status-publish","hentry"],"_links":{"self":[{"href":"https:\/\/technov8s.com\/fr\/wp-json\/wp\/v2\/pages\/861","targetHints":{"allow":["GET"]}}],"collection":[{"href":"https:\/\/technov8s.com\/fr\/wp-json\/wp\/v2\/pages"}],"about":[{"href":"https:\/\/technov8s.com\/fr\/wp-json\/wp\/v2\/types\/page"}],"author":[{"embeddable":true,"href":"https:\/\/technov8s.com\/fr\/wp-json\/wp\/v2\/users\/1"}],"replies":[{"embeddable":true,"href":"https:\/\/technov8s.com\/fr\/wp-json\/wp\/v2\/comments?post=861"}],"version-history":[{"count":6,"href":"https:\/\/technov8s.com\/fr\/wp-json\/wp\/v2\/pages\/861\/revisions"}],"predecessor-version":[{"id":1108,"href":"https:\/\/technov8s.com\/fr\/wp-json\/wp\/v2\/pages\/861\/revisions\/1108"}],"wp:attachment":[{"href":"https:\/\/technov8s.com\/fr\/wp-json\/wp\/v2\/media?parent=861"}],"curies":[{"name":"wp","href":"https:\/\/api.w.org\/{rel}","templated":true}]}}