{"id":919,"date":"2025-07-19T01:21:02","date_gmt":"2025-07-19T01:21:02","guid":{"rendered":"https:\/\/technov8s.com\/security-compliance-audits\/"},"modified":"2025-09-16T18:37:49","modified_gmt":"2025-09-16T18:37:49","slug":"securite-audits-de-conformite","status":"publish","type":"page","link":"https:\/\/technov8s.com\/fr\/securite-audits-de-conformite\/","title":{"rendered":"S\u00e9curit\u00e9 &amp; Audits de Conformit\u00e9"},"content":{"rendered":"<div class=\"oxy-container-919-102 oxy-container container-31\"><div class=\"bde-columns-919-106 bde-columns\"><div class=\"bde-column-919-107 bde-column\">\n  \n  \n\t\n\n\n\n<h1 class=\"bde-heading-919-109 bde-heading hero-heading\">\nS\u00e9curisez votre entreprise. Validez votre conformit\u00e9.\n<\/h1><div class=\"oxy-text-919-110 oxy-text hero-subheader-white\">\nProt\u00e9gez vos syst\u00e8mes, vos donn\u00e9es et vos clients avec un audit de s\u00e9curit\u00e9 structur\u00e9 et des recommandations pr\u00eates \u00e0 l\u2019emploi.\n<\/div><div class=\"bde-button-919-111 bde-button\">\n    \n                                    \n    \n    \n    \n    \n            \n                    \n            \n            \n\n    \n    \n    \n    \n    \n    <a class=\"breakdance-link button-atom button-atom--primary bde-button__button\" href=\"https:\/\/outlook.office.com\/book\/Technov8Solutions@technov8s.com\/s\/bDWtmoX5R0ylh6UUqLezDQ2?ismsaljsauthenabled\" target=\"_self\" data-type=\"url\"  >\n\n    \n        <span class=\"button-atom__text\">Planifier un audit de s\u00e9curit\u00e9<\/span>\n\n        \n        \n                <\/a>\n\n    \n\n\n<\/div>\n<\/div><div class=\"bde-column-919-108 bde-column\">\n  \n  \n\t\n\n\n\n<img decoding=\"async\" class=\"oxy-image-919-112 oxy-image\" src=\"https:\/\/technov8s.com\/wp-content\/uploads\/2025\/07\/security-compliance-audits-Technov8_Solutions-300x300.webp\" alt=\"Data security and compliance audit for Canadian SMBs\" loading=\"lazy\" srcset=\"https:\/\/technov8s.com\/wp-content\/uploads\/2025\/07\/security-compliance-audits-Technov8_Solutions-300x300.webp 300w, https:\/\/technov8s.com\/wp-content\/uploads\/2025\/07\/security-compliance-audits-Technov8_Solutions-150x150.webp 150w\" sizes=\"(max-width: 300px) 100vw, 300px\">\n<\/div><\/div><\/div><div class=\"oxy-container-919-100 oxy-container container-body\"><h2 class=\"bde-heading-919-113 bde-heading heading-body\">\nAper\u00e7u\n<\/h2><div class=\"oxy-text-919-114 oxy-text body-text\">\nNos audits de s\u00e9curit\u00e9 et de conformit\u00e9 sont con\u00e7us pour identifier les vuln\u00e9rabilit\u00e9s critiques, renforcer vos contr\u00f4les, et assurer votre alignement avec les r\u00e9glementations canadiennes comme la Loi 25, PIPEDA et ISO 27001.\n<\/div><div class=\"bde-div-919-127 bde-div space\">\n  \n  \n\t\n\n\n\n\n<\/div><h2 class=\"bde-heading-919-126 bde-heading heading-body\">\nCe que nous auditons\n<\/h2><div class=\"oxy-container-919-118 oxy-container section-boxes\"><div class=\"bde-icon-box-919-119 bde-icon-box\">\n\n    \n            <div class=\"ee-iconbox-icon breakdance-icon-atom\" >\n    \n                    <svg xmlns=\"http:\/\/www.w3.org\/2000\/svg\" viewBox=\"0 0 448 512\"><!--! Font Awesome Free 6.5.1 by @fontawesome - https:\/\/fontawesome.com License - https:\/\/fontawesome.com\/license\/free (Icons: CC BY 4.0, Fonts: SIL OFL 1.1, Code: MIT License) Copyright 2023 Fonticons, Inc. --><path d=\"M0 32h214.6v214.6H0V32zm233.4 0H448v214.6H233.4V32zM0 265.4h214.6V480H0V265.4zm233.4 0H448V480H233.4V265.4z\"\/><\/svg>\n        \n        \n        \n            <\/div>\n    \n\n<div class=\"ee-iconbox-content\">\n      <p class=\"ee-iconbox-title bde-h3\" >Infrastructure M365 & Azure<\/p>\n        <div class=\"ee-iconbox-text\" >Analyse des configurations, permissions, MFA, et strat\u00e9gie de gouvernance cloud.<\/div>\n    <\/div>\n\n<\/div><div class=\"bde-icon-box-919-120 bde-icon-box\">\n\n    \n            <div class=\"ee-iconbox-icon breakdance-icon-atom\" >\n    \n                    <svg xmlns=\"http:\/\/www.w3.org\/2000\/svg\" viewBox=\"0 0 352 512\"><!-- Font Awesome Free 5.15.1 by @fontawesome - https:\/\/fontawesome.com License - https:\/\/fontawesome.com\/license\/free (Icons: CC BY 4.0, Fonts: SIL OFL 1.1, Code: MIT License) --><path d=\"M176 80c-52.94 0-96 43.06-96 96 0 8.84 7.16 16 16 16s16-7.16 16-16c0-35.3 28.72-64 64-64 8.84 0 16-7.16 16-16s-7.16-16-16-16zM96.06 459.17c0 3.15.93 6.22 2.68 8.84l24.51 36.84c2.97 4.46 7.97 7.14 13.32 7.14h78.85c5.36 0 10.36-2.68 13.32-7.14l24.51-36.84c1.74-2.62 2.67-5.7 2.68-8.84l.05-43.18H96.02l.04 43.18zM176 0C73.72 0 0 82.97 0 176c0 44.37 16.45 84.85 43.56 115.78 16.64 18.99 42.74 58.8 52.42 92.16v.06h48v-.12c-.01-4.77-.72-9.51-2.15-14.07-5.59-17.81-22.82-64.77-62.17-109.67-20.54-23.43-31.52-53.15-31.61-84.14-.2-73.64 59.67-128 127.95-128 70.58 0 128 57.42 128 128 0 30.97-11.24 60.85-31.65 84.14-39.11 44.61-56.42 91.47-62.1 109.46a47.507 47.507 0 0 0-2.22 14.3v.1h48v-.05c9.68-33.37 35.78-73.18 52.42-92.16C335.55 260.85 352 220.37 352 176 352 78.8 273.2 0 176 0z\"\/><\/svg>\n        \n        \n        \n            <\/div>\n    \n\n<div class=\"ee-iconbox-content\">\n      <p class=\"ee-iconbox-title bde-h3\" >Conformit\u00e9 L\u00e9gale (Loi 25 \/ PIPEDA)<\/p>\n        <div class=\"ee-iconbox-text\" >Validation des pratiques de gestion des donn\u00e9es, consentement et journalisation des acc\u00e8s.<\/div>\n    <\/div>\n\n<\/div><div class=\"bde-icon-box-919-121 bde-icon-box\">\n\n    \n            <div class=\"ee-iconbox-icon breakdance-icon-atom\" >\n    \n                    <svg xmlns=\"http:\/\/www.w3.org\/2000\/svg\" viewBox=\"0 0 352 512\"><!-- Font Awesome Free 5.15.1 by @fontawesome - https:\/\/fontawesome.com License - https:\/\/fontawesome.com\/license\/free (Icons: CC BY 4.0, Fonts: SIL OFL 1.1, Code: MIT License) --><path d=\"M176 80c-52.94 0-96 43.06-96 96 0 8.84 7.16 16 16 16s16-7.16 16-16c0-35.3 28.72-64 64-64 8.84 0 16-7.16 16-16s-7.16-16-16-16zM96.06 459.17c0 3.15.93 6.22 2.68 8.84l24.51 36.84c2.97 4.46 7.97 7.14 13.32 7.14h78.85c5.36 0 10.36-2.68 13.32-7.14l24.51-36.84c1.74-2.62 2.67-5.7 2.68-8.84l.05-43.18H96.02l.04 43.18zM176 0C73.72 0 0 82.97 0 176c0 44.37 16.45 84.85 43.56 115.78 16.64 18.99 42.74 58.8 52.42 92.16v.06h48v-.12c-.01-4.77-.72-9.51-2.15-14.07-5.59-17.81-22.82-64.77-62.17-109.67-20.54-23.43-31.52-53.15-31.61-84.14-.2-73.64 59.67-128 127.95-128 70.58 0 128 57.42 128 128 0 30.97-11.24 60.85-31.65 84.14-39.11 44.61-56.42 91.47-62.1 109.46a47.507 47.507 0 0 0-2.22 14.3v.1h48v-.05c9.68-33.37 35.78-73.18 52.42-92.16C335.55 260.85 352 220.37 352 176 352 78.8 273.2 0 176 0z\"\/><\/svg>\n        \n        \n        \n            <\/div>\n    \n\n<div class=\"ee-iconbox-content\">\n      <p class=\"ee-iconbox-title bde-h3\" >S\u00e9curit\u00e9 des Donn\u00e9es<\/p>\n        <div class=\"ee-iconbox-text\" >Chiffrement, sauvegardes, politiques de r\u00e9tention et surveillance des acc\u00e8s non autoris\u00e9s.<\/div>\n    <\/div>\n\n<\/div><div class=\"bde-icon-box-919-122 bde-icon-box\">\n\n    \n            <div class=\"ee-iconbox-icon breakdance-icon-atom\" >\n    \n                    <svg xmlns=\"http:\/\/www.w3.org\/2000\/svg\" viewBox=\"0 0 352 512\"><!-- Font Awesome Free 5.15.1 by @fontawesome - https:\/\/fontawesome.com License - https:\/\/fontawesome.com\/license\/free (Icons: CC BY 4.0, Fonts: SIL OFL 1.1, Code: MIT License) --><path d=\"M176 80c-52.94 0-96 43.06-96 96 0 8.84 7.16 16 16 16s16-7.16 16-16c0-35.3 28.72-64 64-64 8.84 0 16-7.16 16-16s-7.16-16-16-16zM96.06 459.17c0 3.15.93 6.22 2.68 8.84l24.51 36.84c2.97 4.46 7.97 7.14 13.32 7.14h78.85c5.36 0 10.36-2.68 13.32-7.14l24.51-36.84c1.74-2.62 2.67-5.7 2.68-8.84l.05-43.18H96.02l.04 43.18zM176 0C73.72 0 0 82.97 0 176c0 44.37 16.45 84.85 43.56 115.78 16.64 18.99 42.74 58.8 52.42 92.16v.06h48v-.12c-.01-4.77-.72-9.51-2.15-14.07-5.59-17.81-22.82-64.77-62.17-109.67-20.54-23.43-31.52-53.15-31.61-84.14-.2-73.64 59.67-128 127.95-128 70.58 0 128 57.42 128 128 0 30.97-11.24 60.85-31.65 84.14-39.11 44.61-56.42 91.47-62.1 109.46a47.507 47.507 0 0 0-2.22 14.3v.1h48v-.05c9.68-33.37 35.78-73.18 52.42-92.16C335.55 260.85 352 220.37 352 176 352 78.8 273.2 0 176 0z\"\/><\/svg>\n        \n        \n        \n            <\/div>\n    \n\n<div class=\"ee-iconbox-content\">\n      <p class=\"ee-iconbox-title bde-h3\" >Acc\u00e8s & Identit\u00e9s<\/p>\n        <div class=\"ee-iconbox-text\" >Audit des r\u00f4les, droits, utilisateurs inactifs, et principes du moindre privil\u00e8ge (Zero Trust).<\/div>\n    <\/div>\n\n<\/div><div class=\"bde-icon-box-919-123 bde-icon-box\">\n\n    \n            <div class=\"ee-iconbox-icon breakdance-icon-atom\" >\n    \n                    <svg xmlns=\"http:\/\/www.w3.org\/2000\/svg\" viewBox=\"0 0 352 512\"><!-- Font Awesome Free 5.15.1 by @fontawesome - https:\/\/fontawesome.com License - https:\/\/fontawesome.com\/license\/free (Icons: CC BY 4.0, Fonts: SIL OFL 1.1, Code: MIT License) --><path d=\"M176 80c-52.94 0-96 43.06-96 96 0 8.84 7.16 16 16 16s16-7.16 16-16c0-35.3 28.72-64 64-64 8.84 0 16-7.16 16-16s-7.16-16-16-16zM96.06 459.17c0 3.15.93 6.22 2.68 8.84l24.51 36.84c2.97 4.46 7.97 7.14 13.32 7.14h78.85c5.36 0 10.36-2.68 13.32-7.14l24.51-36.84c1.74-2.62 2.67-5.7 2.68-8.84l.05-43.18H96.02l.04 43.18zM176 0C73.72 0 0 82.97 0 176c0 44.37 16.45 84.85 43.56 115.78 16.64 18.99 42.74 58.8 52.42 92.16v.06h48v-.12c-.01-4.77-.72-9.51-2.15-14.07-5.59-17.81-22.82-64.77-62.17-109.67-20.54-23.43-31.52-53.15-31.61-84.14-.2-73.64 59.67-128 127.95-128 70.58 0 128 57.42 128 128 0 30.97-11.24 60.85-31.65 84.14-39.11 44.61-56.42 91.47-62.1 109.46a47.507 47.507 0 0 0-2.22 14.3v.1h48v-.05c9.68-33.37 35.78-73.18 52.42-92.16C335.55 260.85 352 220.37 352 176 352 78.8 273.2 0 176 0z\"\/><\/svg>\n        \n        \n        \n            <\/div>\n    \n\n<div class=\"ee-iconbox-content\">\n      <p class=\"ee-iconbox-title bde-h3\" >Partage & Collaboration<\/p>\n        <div class=\"ee-iconbox-text\" >Revue des partages externes, liens publics, et des acc\u00e8s inter-organisations.<\/div>\n    <\/div>\n\n<\/div><div class=\"bde-icon-box-919-124 bde-icon-box\">\n\n    \n            <div class=\"ee-iconbox-icon breakdance-icon-atom\" >\n    \n                    <svg xmlns=\"http:\/\/www.w3.org\/2000\/svg\" viewBox=\"0 0 352 512\"><!-- Font Awesome Free 5.15.1 by @fontawesome - https:\/\/fontawesome.com License - https:\/\/fontawesome.com\/license\/free (Icons: CC BY 4.0, Fonts: SIL OFL 1.1, Code: MIT License) --><path d=\"M176 80c-52.94 0-96 43.06-96 96 0 8.84 7.16 16 16 16s16-7.16 16-16c0-35.3 28.72-64 64-64 8.84 0 16-7.16 16-16s-7.16-16-16-16zM96.06 459.17c0 3.15.93 6.22 2.68 8.84l24.51 36.84c2.97 4.46 7.97 7.14 13.32 7.14h78.85c5.36 0 10.36-2.68 13.32-7.14l24.51-36.84c1.74-2.62 2.67-5.7 2.68-8.84l.05-43.18H96.02l.04 43.18zM176 0C73.72 0 0 82.97 0 176c0 44.37 16.45 84.85 43.56 115.78 16.64 18.99 42.74 58.8 52.42 92.16v.06h48v-.12c-.01-4.77-.72-9.51-2.15-14.07-5.59-17.81-22.82-64.77-62.17-109.67-20.54-23.43-31.52-53.15-31.61-84.14-.2-73.64 59.67-128 127.95-128 70.58 0 128 57.42 128 128 0 30.97-11.24 60.85-31.65 84.14-39.11 44.61-56.42 91.47-62.1 109.46a47.507 47.507 0 0 0-2.22 14.3v.1h48v-.05c9.68-33.37 35.78-73.18 52.42-92.16C335.55 260.85 352 220.37 352 176 352 78.8 273.2 0 176 0z\"\/><\/svg>\n        \n        \n        \n            <\/div>\n    \n\n<div class=\"ee-iconbox-content\">\n      <p class=\"ee-iconbox-title bde-h3\" >Alertes & Surveillance<\/p>\n        <div class=\"ee-iconbox-text\" >Configuration de Microsoft Defender, Centre de conformit\u00e9, et r\u00e8gles d\u2019alerte personnalis\u00e9es.<\/div>\n    <\/div>\n\n<\/div><\/div><\/div><div class=\"oxy-container-919-101 oxy-container container-body-white-bg\"><h2 class=\"bde-heading-919-115 bde-heading heading-body\">\nAudit Process\n<\/h2><div class=\"bde-icon-list-919-117 bde-icon-list\">\n<ul>\n  \n              \n    <li>\n              <div class='bde-icon-list__item-wrapper'>\n      \n      <span class='bde-icon-list__icon'>\n        <svg xmlns=\"http:\/\/www.w3.org\/2000\/svg\" viewBox=\"0 0 256 512\"><!--! Font Awesome Free 6.5.1 by @fontawesome - https:\/\/fontawesome.com License - https:\/\/fontawesome.com\/license\/free (Icons: CC BY 4.0, Fonts: SIL OFL 1.1, Code: MIT License) Copyright 2023 Fonticons, Inc. --><path d=\"M160 64c0-11.8-6.5-22.6-16.9-28.2s-23-5-32.8 1.6l-96 64C-.5 111.2-4.4 131 5.4 145.8s29.7 18.7 44.4 8.9L96 123.8V416H32c-17.7 0-32 14.3-32 32s14.3 32 32 32h96 96c17.7 0 32-14.3 32-32s-14.3-32-32-32H160V64z\"\/><\/svg>\n      <\/span>\n      <span class='bde-icon-list__text' >\n      <strong>Diagnostic Initial<\/strong><br>Acc\u00e8s s\u00e9curis\u00e9, questionnaires de contexte, et collecte des donn\u00e9es syst\u00e8mes.\n      <\/span>\n              <\/div>\n      \n    <\/li>\n\n  \n              \n    <li>\n              <div class='bde-icon-list__item-wrapper'>\n      \n      <span class='bde-icon-list__icon'>\n        <svg xmlns=\"http:\/\/www.w3.org\/2000\/svg\" viewBox=\"0 0 320 512\"><!--! Font Awesome Free 6.5.1 by @fontawesome - https:\/\/fontawesome.com License - https:\/\/fontawesome.com\/license\/free (Icons: CC BY 4.0, Fonts: SIL OFL 1.1, Code: MIT License) Copyright 2023 Fonticons, Inc. --><path d=\"M142.9 96c-21.5 0-42.2 8.5-57.4 23.8L54.6 150.6c-12.5 12.5-32.8 12.5-45.3 0s-12.5-32.8 0-45.3L40.2 74.5C67.5 47.3 104.4 32 142.9 32C223 32 288 97 288 177.1c0 38.5-15.3 75.4-42.5 102.6L109.3 416H288c17.7 0 32 14.3 32 32s-14.3 32-32 32H32c-12.9 0-24.6-7.8-29.6-19.8s-2.2-25.7 6.9-34.9L200.2 234.5c15.2-15.2 23.8-35.9 23.8-57.4c0-44.8-36.3-81.1-81.1-81.1z\"\/><\/svg>\n      <\/span>\n      <span class='bde-icon-list__text' >\n      <strong>Audit Complet<\/strong><br>Analyse manuelle + outils d\u2019audit automatis\u00e9s avec preuves \u00e0 l\u2019appui.\n      <\/span>\n              <\/div>\n      \n    <\/li>\n\n  \n              \n    <li>\n              <div class='bde-icon-list__item-wrapper'>\n      \n      <span class='bde-icon-list__icon'>\n        <svg xmlns=\"http:\/\/www.w3.org\/2000\/svg\" viewBox=\"0 0 320 512\"><!--! Font Awesome Free 6.5.1 by @fontawesome - https:\/\/fontawesome.com License - https:\/\/fontawesome.com\/license\/free (Icons: CC BY 4.0, Fonts: SIL OFL 1.1, Code: MIT License) Copyright 2023 Fonticons, Inc. --><path d=\"M0 64C0 46.3 14.3 32 32 32H272c13.2 0 25 8.1 29.8 20.4s1.5 26.3-8.2 35.2L162.3 208H184c75.1 0 136 60.9 136 136s-60.9 136-136 136H105.4C63 480 24.2 456 5.3 418.1l-1.9-3.8c-7.9-15.8-1.5-35 14.3-42.9s35-1.5 42.9 14.3l1.9 3.8c8.1 16.3 24.8 26.5 42.9 26.5H184c39.8 0 72-32.2 72-72s-32.2-72-72-72H80c-13.2 0-25-8.1-29.8-20.4s-1.5-26.3 8.2-35.2L189.7 96H32C14.3 96 0 81.7 0 64z\"\/><\/svg>\n      <\/span>\n      <span class='bde-icon-list__text' >\n      <strong>Rapport & Plan d\u2019Action<\/strong><br>Rapport complet avec recommandations, niveaux de criticit\u00e9, et feuille de route corrective.\n      <\/span>\n              <\/div>\n      \n    <\/li>\n\n  <\/ul>\n\n<\/div><\/div><div class=\"oxy-container-919-103 oxy-container cta-gen\"><h2 class=\"bde-heading-919-104 bde-heading cta-heading\">\nPr\u00eat \u00e0 s\u00e9curiser vos syst\u00e8mes et d\u00e9montrer votre conformit\u00e9 ?\n<\/h2><div class=\"bde-button-919-105 bde-button cta-button\">\n    \n                                    \n    \n    \n    \n    \n            \n                    \n            \n            \n\n    \n    \n    \n    \n    \n    <a class=\"breakdance-link button-atom button-atom--primary bde-button__button\" href=\"https:\/\/outlook.office.com\/book\/Technov8Solutions@technov8s.com\/s\/bDWtmoX5R0ylh6UUqLezDQ2?ismsaljsauthenabled\" target=\"_self\" data-type=\"url\"  >\n\n    \n        <span class=\"button-atom__text\">Planifier un audit maintenant \u2192<\/span>\n\n        \n        \n                <\/a>\n\n    \n\n\n<\/div><\/div>","protected":false},"excerpt":{"rendered":"<p>S\u00e9curisez votre entreprise. Validez votre conformit\u00e9. Prot\u00e9gez vos syst\u00e8mes, vos donn\u00e9es et vos clients avec un audit de s\u00e9curit\u00e9 structur\u00e9 et des recommandations pr\u00eates \u00e0 l\u2019emploi. Planifier un audit de s\u00e9curit\u00e9 Aper\u00e7u Nos audits de s\u00e9curit\u00e9 et de conformit\u00e9 sont con\u00e7us pour identifier les vuln\u00e9rabilit\u00e9s critiques, renforcer vos contr\u00f4les, et assurer votre alignement avec les [&hellip;]<\/p>\n","protected":false},"author":1,"featured_media":0,"parent":0,"menu_order":0,"comment_status":"closed","ping_status":"closed","template":"","meta":{"_oxygen_hide_in_design_set":false,"_oxygen_tags":"","footnotes":""},"class_list":["post-919","page","type-page","status-publish","hentry"],"_links":{"self":[{"href":"https:\/\/technov8s.com\/fr\/wp-json\/wp\/v2\/pages\/919","targetHints":{"allow":["GET"]}}],"collection":[{"href":"https:\/\/technov8s.com\/fr\/wp-json\/wp\/v2\/pages"}],"about":[{"href":"https:\/\/technov8s.com\/fr\/wp-json\/wp\/v2\/types\/page"}],"author":[{"embeddable":true,"href":"https:\/\/technov8s.com\/fr\/wp-json\/wp\/v2\/users\/1"}],"replies":[{"embeddable":true,"href":"https:\/\/technov8s.com\/fr\/wp-json\/wp\/v2\/comments?post=919"}],"version-history":[{"count":6,"href":"https:\/\/technov8s.com\/fr\/wp-json\/wp\/v2\/pages\/919\/revisions"}],"predecessor-version":[{"id":1115,"href":"https:\/\/technov8s.com\/fr\/wp-json\/wp\/v2\/pages\/919\/revisions\/1115"}],"wp:attachment":[{"href":"https:\/\/technov8s.com\/fr\/wp-json\/wp\/v2\/media?parent=919"}],"curies":[{"name":"wp","href":"https:\/\/api.w.org\/{rel}","templated":true}]}}