{"id":973,"date":"2025-07-19T22:01:02","date_gmt":"2025-07-19T22:01:02","guid":{"rendered":"https:\/\/technov8s.com\/cookie-policy\/"},"modified":"2025-07-19T22:50:32","modified_gmt":"2025-07-19T22:50:32","slug":"cookies","status":"publish","type":"page","link":"https:\/\/technov8s.com\/fr\/cookies\/","title":{"rendered":"Cookies"},"content":{"rendered":"<div class=\"oxy-container-973-100 oxy-container general-body-container\"><div class=\"oxy-rich-text-973-101 oxy-rich-text\">\n<p data-start=\"3322\" data-end=\"3362\"><em data-start=\"3322\" data-end=\"3362\">Derni\u00e8re mise \u00e0 jour : 19 juillet 2025<\/em><\/p><p data-start=\"3364\" data-end=\"3512\">Cette politique explique comment <strong data-start=\"3397\" data-end=\"3419\">Technov8 Solutions<\/strong> utilise des t\u00e9moins (cookies) et technologies similaires sur son site Web <a href=\"https:\/\/technov8s.com\/fr\/\"><strong data-start=\"3494\" data-end=\"3511\">technov8s.com<\/strong><\/a>.<\/p><hr data-start=\"3514\" data-end=\"3517\" \/><h2 data-start=\"3519\" data-end=\"3546\">1. Que sont les cookies?<\/h2><p data-start=\"3548\" data-end=\"3760\">Les cookies sont de petits fichiers textes stock\u00e9s sur votre appareil lorsque vous visitez un site Web. Ils servent \u00e0 am\u00e9liorer votre exp\u00e9rience, \u00e0 activer certaines fonctions et \u00e0 analyser l\u2019utilisation du site.<\/p><hr data-start=\"3762\" data-end=\"3765\" \/><h2 data-start=\"3767\" data-end=\"3808\">2. Pourquoi nous utilisons des cookies<\/h2><p data-start=\"3810\" data-end=\"3843\">Nous utilisons des cookies pour\u202f:<\/p><ul data-start=\"3845\" data-end=\"4089\"><li data-start=\"3845\" data-end=\"3886\"><p data-start=\"3847\" data-end=\"3886\">Assurer le bon fonctionnement du site<\/p><\/li><li data-start=\"3887\" data-end=\"3983\"><p data-start=\"3889\" data-end=\"3983\">Analyser le comportement des visiteurs (via <strong data-start=\"3933\" data-end=\"3955\">Google Analytics 4<\/strong> et <strong data-start=\"3959\" data-end=\"3980\">Microsoft Clarity<\/strong>)<\/p><\/li><li data-start=\"3984\" data-end=\"4042\"><p data-start=\"3986\" data-end=\"4042\">Am\u00e9liorer les performances et l\u2019exp\u00e9rience utilisateur<\/p><\/li><li data-start=\"4043\" data-end=\"4089\"><p data-start=\"4045\" data-end=\"4089\">G\u00e9rer votre consentement (via <strong data-start=\"4075\" data-end=\"4088\">CookieYes<\/strong>)<\/p><\/li><\/ul><hr data-start=\"4091\" data-end=\"4094\" \/><h2 data-start=\"4096\" data-end=\"4127\">3. Types de cookies utilis\u00e9s<\/h2><div class=\"_tableContainer_80l1q_1\"><div class=\"_tableWrapper_80l1q_14 group flex w-fit flex-col-reverse\" tabindex=\"-1\"><table class=\"w-fit min-w-(--thread-content-width)\" data-start=\"4129\" data-end=\"4663\"><thead data-start=\"4129\" data-end=\"4217\"><tr data-start=\"4129\" data-end=\"4217\"><th data-start=\"4129\" data-end=\"4147\" data-col-size=\"sm\">Type<\/th><th data-start=\"4147\" data-end=\"4217\" data-col-size=\"md\">Utilit\u00e9<\/th><\/tr><\/thead><tbody data-start=\"4308\" data-end=\"4663\"><tr data-start=\"4308\" data-end=\"4396\"><td data-start=\"4308\" data-end=\"4326\" data-col-size=\"sm\"><strong data-start=\"4310\" data-end=\"4325\">N\u00e9cessaires<\/strong><\/td><td data-start=\"4326\" data-end=\"4396\" data-col-size=\"md\">Fonctionnalit\u00e9s de base (ex. : s\u00e9curit\u00e9, pr\u00e9f\u00e9rences de cookies)<\/td><\/tr><tr data-start=\"4397\" data-end=\"4485\"><td data-start=\"4397\" data-end=\"4415\" data-col-size=\"sm\"><strong data-start=\"4399\" data-end=\"4414\">Analytiques<\/strong><\/td><td data-start=\"4415\" data-end=\"4485\" data-col-size=\"md\">Statistiques sur l\u2019utilisation du site et l\u2019interaction<\/td><\/tr><tr data-start=\"4486\" data-end=\"4574\"><td data-start=\"4486\" data-end=\"4504\" data-col-size=\"sm\"><strong data-start=\"4488\" data-end=\"4504\">Fonctionnels<\/strong><\/td><td data-start=\"4504\" data-end=\"4574\" data-col-size=\"md\">M\u00e9morisation de vos choix et param\u00e8tres<\/td><\/tr><tr data-start=\"4575\" data-end=\"4663\"><td data-start=\"4575\" data-end=\"4593\" data-col-size=\"sm\"><strong data-start=\"4577\" data-end=\"4593\">Consentement<\/strong><\/td><td data-start=\"4593\" data-end=\"4663\" data-col-size=\"md\">Suivi de votre accord ou refus en mati\u00e8re de cookies<\/td><\/tr><\/tbody><\/table><div class=\"sticky end-(--thread-content-margin) h-0 self-end select-none\"><div class=\"absolute end-0 flex items-end\">\u00a0<\/div><\/div><\/div><\/div><hr data-start=\"4665\" data-end=\"4668\" \/><h2 data-start=\"4670\" data-end=\"4702\">4. Cookies que nous utilisons<\/h2><div class=\"_tableContainer_80l1q_1\"><div class=\"_tableWrapper_80l1q_14 group flex w-fit flex-col-reverse\" tabindex=\"-1\"><table class=\"w-fit min-w-(--thread-content-width)\" data-start=\"4704\" data-end=\"5178\"><thead data-start=\"4704\" data-end=\"4798\"><tr data-start=\"4704\" data-end=\"4798\"><th data-start=\"4704\" data-end=\"4729\" data-col-size=\"sm\">Outil<\/th><th data-start=\"4729\" data-end=\"4777\" data-col-size=\"sm\">Description<\/th><th data-start=\"4777\" data-end=\"4798\" data-col-size=\"sm\">Fournisseur<\/th><\/tr><\/thead><tbody data-start=\"4894\" data-end=\"5178\"><tr data-start=\"4894\" data-end=\"4988\"><td data-start=\"4894\" data-end=\"4919\" data-col-size=\"sm\">GA4 (<code data-start=\"4901\" data-end=\"4906\">_ga<\/code>, etc.)<\/td><td data-col-size=\"sm\" data-start=\"4919\" data-end=\"4967\">Suivi du trafic et des pages consult\u00e9es<\/td><td data-col-size=\"sm\" data-start=\"4967\" data-end=\"4988\">Google<\/td><\/tr><tr data-start=\"4989\" data-end=\"5083\"><td data-start=\"4989\" data-end=\"5014\" data-col-size=\"sm\">Clarity (<code data-start=\"5000\" data-end=\"5007\">_clsk<\/code>, etc.)<\/td><td data-start=\"5014\" data-end=\"5062\" data-col-size=\"sm\">Enregistrement des sessions et clics<\/td><td data-col-size=\"sm\" data-start=\"5062\" data-end=\"5083\">Microsoft<\/td><\/tr><tr data-start=\"5084\" data-end=\"5178\"><td data-start=\"5084\" data-end=\"5109\" data-col-size=\"sm\">CookieYes<\/td><td data-start=\"5109\" data-end=\"5157\" data-col-size=\"sm\">Gestion de vos pr\u00e9f\u00e9rences<\/td><td data-col-size=\"sm\" data-start=\"5157\" data-end=\"5178\">CookieYes<\/td><\/tr><\/tbody><\/table><div class=\"sticky end-(--thread-content-margin) h-0 self-end select-none\"><div class=\"absolute end-0 flex items-end\">\u00a0<\/div><\/div><\/div><\/div><blockquote data-start=\"5180\" data-end=\"5227\"><p data-start=\"5182\" data-end=\"5227\">La liste compl\u00e8te est disponible sur demande.<\/p><\/blockquote><hr data-start=\"5229\" data-end=\"5232\" \/><h2 data-start=\"5234\" data-end=\"5271\">5. Vos choix en mati\u00e8re de cookies<\/h2><p data-start=\"5273\" data-end=\"5318\">\u00c0 votre arriv\u00e9e sur notre site, vous pouvez\u202f:<\/p><ul data-start=\"5320\" data-end=\"5474\"><li data-start=\"5320\" data-end=\"5370\"><p data-start=\"5322\" data-end=\"5370\"><strong data-start=\"5322\" data-end=\"5339\">Accepter tout<\/strong> : Autoriser tous les cookies<\/p><\/li><li data-start=\"5371\" data-end=\"5428\"><p data-start=\"5373\" data-end=\"5428\"><strong data-start=\"5373\" data-end=\"5389\">Refuser tout<\/strong> : Refuser les cookies non essentiels<\/p><\/li><li data-start=\"5429\" data-end=\"5474\"><p data-start=\"5431\" data-end=\"5474\"><strong data-start=\"5431\" data-end=\"5448\">Personnaliser<\/strong> : Choisir vos pr\u00e9f\u00e9rences<\/p><\/li><\/ul><p data-start=\"5476\" data-end=\"5589\">Vous pouvez modifier ou retirer votre consentement \u00e0 tout moment via la banni\u00e8re ou les param\u00e8tres du navigateur.<\/p><hr data-start=\"5591\" data-end=\"5594\" \/><h2 data-start=\"5596\" data-end=\"5630\">6. Gestion via votre navigateur<\/h2><p data-start=\"5632\" data-end=\"5763\">La plupart des navigateurs vous permettent de d\u00e9sactiver ou de g\u00e9rer les cookies. Cela peut affecter le bon fonctionnement du site.<\/p><p data-start=\"5765\" data-end=\"5779\">Liens utiles :<\/p><ul data-start=\"5780\" data-end=\"6041\"><li data-start=\"5780\" data-end=\"5838\"><p data-start=\"5782\" data-end=\"5838\"><a class=\"cursor-pointer\" target=\"_new\" rel=\"noopener\" data-start=\"5782\" data-end=\"5838\">Chrome<\/a><\/p><\/li><li data-start=\"5839\" data-end=\"5911\"><p data-start=\"5841\" data-end=\"5911\"><a class=\"\" href=\"https:\/\/support.mozilla.org\/fr\/kb\/gerer-preferences-cookies\" target=\"_new\" rel=\"noopener\" data-start=\"5841\" data-end=\"5911\">Firefox<\/a><\/p><\/li><li data-start=\"5912\" data-end=\"5970\"><p data-start=\"5914\" data-end=\"5970\"><a class=\"\" href=\"https:\/\/support.microsoft.com\/fr-fr\/help\/4027947\" target=\"_new\" rel=\"noopener\" data-start=\"5914\" data-end=\"5970\">Edge<\/a><\/p><\/li><li data-start=\"5971\" data-end=\"6041\"><p data-start=\"5973\" data-end=\"6041\"><a class=\"\" href=\"https:\/\/support.apple.com\/fr-ca\/guide\/safari\/sfri11471\/mac\" target=\"_new\" rel=\"noopener\" data-start=\"5973\" data-end=\"6041\">Safari<\/a><\/p><\/li><\/ul><hr data-start=\"6043\" data-end=\"6046\" \/><h2 data-start=\"6048\" data-end=\"6067\">7. Modifications<\/h2><p data-start=\"6069\" data-end=\"6212\">Nous pouvons mettre \u00e0 jour cette politique \u00e0 tout moment. Les changements seront affich\u00e9s sur cette page avec une nouvelle date de mise \u00e0 jour.<\/p><hr data-start=\"6214\" data-end=\"6217\" \/><h2 data-start=\"6219\" data-end=\"6237\">8. Nous joindre<\/h2><p data-start=\"6239\" data-end=\"6319\">\ud83d\udce7 <strong data-start=\"6242\" data-end=\"6267\"><a class=\"cursor-pointer\" rel=\"noopener\" data-start=\"6244\" data-end=\"6265\">support@technov8s.com<\/a><\/strong><br data-start=\"6267\" data-end=\"6270\" \/>\ud83c\udfe2 Technov8 Solutions \u2013 Montr\u00e9al (Qu\u00e9bec), Canada<\/p>\n<\/div><\/div>","protected":false},"excerpt":{"rendered":"<p>Derni\u00e8re mise \u00e0 jour : 19 juillet 2025Cette politique explique comment Technov8 Solutions utilise des t\u00e9moins (cookies) et technologies similaires sur son site Web technov8s.com.1. Que sont les cookies?Les cookies sont de petits fichiers textes stock\u00e9s sur votre appareil lorsque vous visitez un site Web. Ils servent \u00e0 am\u00e9liorer votre exp\u00e9rience, \u00e0 activer certaines fonctions [&hellip;]<\/p>\n","protected":false},"author":1,"featured_media":0,"parent":0,"menu_order":0,"comment_status":"closed","ping_status":"closed","template":"","meta":{"_oxygen_hide_in_design_set":false,"_oxygen_tags":"","footnotes":""},"class_list":["post-973","page","type-page","status-publish","hentry"],"_links":{"self":[{"href":"https:\/\/technov8s.com\/fr\/wp-json\/wp\/v2\/pages\/973","targetHints":{"allow":["GET"]}}],"collection":[{"href":"https:\/\/technov8s.com\/fr\/wp-json\/wp\/v2\/pages"}],"about":[{"href":"https:\/\/technov8s.com\/fr\/wp-json\/wp\/v2\/types\/page"}],"author":[{"embeddable":true,"href":"https:\/\/technov8s.com\/fr\/wp-json\/wp\/v2\/users\/1"}],"replies":[{"embeddable":true,"href":"https:\/\/technov8s.com\/fr\/wp-json\/wp\/v2\/comments?post=973"}],"version-history":[{"count":4,"href":"https:\/\/technov8s.com\/fr\/wp-json\/wp\/v2\/pages\/973\/revisions"}],"predecessor-version":[{"id":977,"href":"https:\/\/technov8s.com\/fr\/wp-json\/wp\/v2\/pages\/973\/revisions\/977"}],"wp:attachment":[{"href":"https:\/\/technov8s.com\/fr\/wp-json\/wp\/v2\/media?parent=973"}],"curies":[{"name":"wp","href":"https:\/\/api.w.org\/{rel}","templated":true}]}}