{"id":994,"date":"2025-06-17T13:57:36","date_gmt":"2025-06-17T13:57:36","guid":{"rendered":"https:\/\/technov8s.com\/licensing\/"},"modified":"2025-10-14T20:15:01","modified_gmt":"2025-10-14T20:15:01","slug":"licences","status":"publish","type":"page","link":"https:\/\/technov8s.com\/fr\/licences\/","title":{"rendered":"Licences"},"content":{"rendered":"<div class=\"oxy-container-994-120 oxy-container container-33\"><div class=\"bde-columns-994-121 bde-columns\"><div class=\"bde-column-994-122 bde-column column-1\">\n  \n  \n\t\n\n\n\n<h1 class=\"bde-heading-994-109 bde-heading hero-heading\">\nLicences flexibles, adapt\u00e9es \u00e0 vos besoins\n<\/h1><div class=\"oxy-text-994-114 oxy-text hero-subheader-white\">\nRevendeur officiel Microsoft CSP<br>Choisissez le bon forfait de licences pour votre entreprise.\n<\/div><div class=\"bde-button-994-124 bde-button cta-button\">\n    \n                                    \n    \n    \n    \n    \n            \n                    \n            \n            \n\n    \n    \n    \n    \n    \n    <a class=\"breakdance-link button-atom button-atom--primary bde-button__button\" href=\"https:\/\/outlook.office.com\/book\/Technov8Solutions@technov8s.com\/s\/bDWtmoX5R0ylh6UUqLezDQ2?ismsaljsauthenabled\" target=\"_self\" data-type=\"url\"  >\n\n    \n        <span class=\"button-atom__text\">R\u00e9servez un appel strat\u00e9gique sur les licences<\/span>\n\n        \n        \n                <\/a>\n\n    \n\n\n<\/div>\n<\/div><div class=\"bde-column-994-123 bde-column\">\n  \n  \n\t\n\n\n\n\n<\/div><\/div><\/div><div class=\"oxy-container-994-126 oxy-container container-body-white-bg\"><h2 class=\"bde-heading-994-127 bde-heading heading-body\">\nPourquoi c'est essentiel\n<\/h2><div class=\"oxy-text-994-128 oxy-text body-text\">\nLicences intelligentes = Moins de co\u00fbts + Plus de valeur\n<\/div><div class=\"bde-icon-list-994-129 bde-icon-list\">\n<ul>\n  \n              \n    <li>\n              <div class='bde-icon-list__item-wrapper'>\n      \n      <span class='bde-icon-list__icon'>\n        <svg xmlns=\"http:\/\/www.w3.org\/2000\/svg\" viewBox=\"0 0 512 512\"><!-- Font Awesome Free 5.15.1 by @fontawesome - https:\/\/fontawesome.com License - https:\/\/fontawesome.com\/license\/free (Icons: CC BY 4.0, Fonts: SIL OFL 1.1, Code: MIT License) --><path d=\"M256 8C119.033 8 8 119.033 8 256s111.033 248 248 248 248-111.033 248-248S392.967 8 256 8zm0 48c110.532 0 200 89.451 200 200 0 110.532-89.451 200-200 200-110.532 0-200-89.451-200-200 0-110.532 89.451-200 200-200m140.204 130.267l-22.536-22.718c-4.667-4.705-12.265-4.736-16.97-.068L215.346 303.697l-59.792-60.277c-4.667-4.705-12.265-4.736-16.97-.069l-22.719 22.536c-4.705 4.667-4.736 12.265-.068 16.971l90.781 91.516c4.667 4.705 12.265 4.736 16.97.068l172.589-171.204c4.704-4.668 4.734-12.266.067-16.971z\"\/><\/svg>\n      <\/span>\n      <span class='bde-icon-list__text' >\n      \ud83d\udd10 Assurez conformit\u00e9 et s\u00e9curit\u00e9\n      <\/span>\n              <\/div>\n      \n    <\/li>\n\n  \n              \n    <li>\n              <div class='bde-icon-list__item-wrapper'>\n      \n      <span class='bde-icon-list__icon'>\n        <svg xmlns=\"http:\/\/www.w3.org\/2000\/svg\" viewBox=\"0 0 512 512\"><!-- Font Awesome Free 5.15.1 by @fontawesome - https:\/\/fontawesome.com License - https:\/\/fontawesome.com\/license\/free (Icons: CC BY 4.0, Fonts: SIL OFL 1.1, Code: MIT License) --><path d=\"M256 8C119.033 8 8 119.033 8 256s111.033 248 248 248 248-111.033 248-248S392.967 8 256 8zm0 48c110.532 0 200 89.451 200 200 0 110.532-89.451 200-200 200-110.532 0-200-89.451-200-200 0-110.532 89.451-200 200-200m140.204 130.267l-22.536-22.718c-4.667-4.705-12.265-4.736-16.97-.068L215.346 303.697l-59.792-60.277c-4.667-4.705-12.265-4.736-16.97-.069l-22.719 22.536c-4.705 4.667-4.736 12.265-.068 16.971l90.781 91.516c4.667 4.705 12.265 4.736 16.97.068l172.589-171.204c4.704-4.668 4.734-12.266.067-16.971z\"\/><\/svg>\n      <\/span>\n      <span class='bde-icon-list__text' >\n      \ud83d\udcb8 \u00c9liminez les abonnements inutiles\n      <\/span>\n              <\/div>\n      \n    <\/li>\n\n  \n              \n    <li>\n              <div class='bde-icon-list__item-wrapper'>\n      \n      <span class='bde-icon-list__icon'>\n        <svg xmlns=\"http:\/\/www.w3.org\/2000\/svg\" viewBox=\"0 0 512 512\"><!-- Font Awesome Free 5.15.1 by @fontawesome - https:\/\/fontawesome.com License - https:\/\/fontawesome.com\/license\/free (Icons: CC BY 4.0, Fonts: SIL OFL 1.1, Code: MIT License) --><path d=\"M256 8C119.033 8 8 119.033 8 256s111.033 248 248 248 248-111.033 248-248S392.967 8 256 8zm0 48c110.532 0 200 89.451 200 200 0 110.532-89.451 200-200 200-110.532 0-200-89.451-200-200 0-110.532 89.451-200 200-200m140.204 130.267l-22.536-22.718c-4.667-4.705-12.265-4.736-16.97-.068L215.346 303.697l-59.792-60.277c-4.667-4.705-12.265-4.736-16.97-.069l-22.719 22.536c-4.705 4.667-4.736 12.265-.068 16.971l90.781 91.516c4.667 4.705 12.265 4.736 16.97.068l172.589-171.204c4.704-4.668 4.734-12.266.067-16.971z\"\/><\/svg>\n      <\/span>\n      <span class='bde-icon-list__text' >\n      \u2699\ufe0f Activez les outils d\u00e9j\u00e0 pay\u00e9s\n      <\/span>\n              <\/div>\n      \n    <\/li>\n\n  \n              \n    <li>\n              <div class='bde-icon-list__item-wrapper'>\n      \n      <span class='bde-icon-list__icon'>\n        <svg xmlns=\"http:\/\/www.w3.org\/2000\/svg\" viewBox=\"0 0 512 512\"><!-- Font Awesome Free 5.15.1 by @fontawesome - https:\/\/fontawesome.com License - https:\/\/fontawesome.com\/license\/free (Icons: CC BY 4.0, Fonts: SIL OFL 1.1, Code: MIT License) --><path d=\"M256 8C119.033 8 8 119.033 8 256s111.033 248 248 248 248-111.033 248-248S392.967 8 256 8zm0 48c110.532 0 200 89.451 200 200 0 110.532-89.451 200-200 200-110.532 0-200-89.451-200-200 0-110.532 89.451-200 200-200m140.204 130.267l-22.536-22.718c-4.667-4.705-12.265-4.736-16.97-.068L215.346 303.697l-59.792-60.277c-4.667-4.705-12.265-4.736-16.97-.069l-22.719 22.536c-4.705 4.667-4.736 12.265-.068 16.971l90.781 91.516c4.667 4.705 12.265 4.736 16.97.068l172.589-171.204c4.704-4.668 4.734-12.266.067-16.971z\"\/><\/svg>\n      <\/span>\n      <span class='bde-icon-list__text' >\n      \ud83d\ude80 Croissance optimis\u00e9e par utilisateur\n      <\/span>\n              <\/div>\n      \n    <\/li>\n\n  <\/ul>\n\n<\/div><\/div><div class=\"oxy-container-994-100 oxy-container form-container\"><div class=\"oxy-container-994-118 oxy-container\"><div class=\"oxy-container-994-131 oxy-container container-body-white-bg\"><h2 class=\"bde-heading-994-132 bde-heading heading-body\">\nObtenez un audit gratuit de vos licences\n<\/h2><div class=\"oxy-text-994-133 oxy-text body-text\">\nParlez-nous un peu de votre configuration et nous vous enverrons une soumission personnalis\u00e9e, sans engagement.\n<\/div><div class=\"oxy-oembed-994-119 oxy-oembed oembed-1\">\nCould not retrieve oEmbed from <iframe loading=\"lazy\" width=\"640px\" height=\"480px\" src=\"https:\/\/forms.office.com\/Pages\/ResponsePage.aspx?id=D0fixdvrdUS4Ejqg6IE1G47HHDc_UNVOnKcBfGkT27NUQ0EyVFFXVEc1TzNUWE5IWDNQQkdCS0xLRi4u&embed=true\" frameborder=\"0\" marginwidth=\"0\" marginheight=\"0\" style=\"border: none; max-width:100%\" allowfullscreen webkitallowfullscreen mozallowfullscreen msallowfullscreen> <\/iframe>\n<\/div><\/div><\/div><\/div>","protected":false},"excerpt":{"rendered":"<p>Licences flexibles, adapt\u00e9es \u00e0 vos besoins Revendeur officiel Microsoft CSPChoisissez le bon forfait de licences pour votre entreprise. R\u00e9servez un appel strat\u00e9gique sur les licences Pourquoi c&rsquo;est essentiel Licences intelligentes = Moins de co\u00fbts + Plus de valeur \ud83d\udd10 Assurez conformit\u00e9 et s\u00e9curit\u00e9 \ud83d\udcb8 \u00c9liminez les abonnements inutiles \u2699\ufe0f Activez les outils d\u00e9j\u00e0 pay\u00e9s \ud83d\ude80 [&hellip;]<\/p>\n","protected":false},"author":1,"featured_media":0,"parent":0,"menu_order":0,"comment_status":"closed","ping_status":"closed","template":"","meta":{"_oxygen_hide_in_design_set":false,"_oxygen_tags":"","footnotes":""},"class_list":["post-994","page","type-page","status-publish","hentry"],"_links":{"self":[{"href":"https:\/\/technov8s.com\/fr\/wp-json\/wp\/v2\/pages\/994","targetHints":{"allow":["GET"]}}],"collection":[{"href":"https:\/\/technov8s.com\/fr\/wp-json\/wp\/v2\/pages"}],"about":[{"href":"https:\/\/technov8s.com\/fr\/wp-json\/wp\/v2\/types\/page"}],"author":[{"embeddable":true,"href":"https:\/\/technov8s.com\/fr\/wp-json\/wp\/v2\/users\/1"}],"replies":[{"embeddable":true,"href":"https:\/\/technov8s.com\/fr\/wp-json\/wp\/v2\/comments?post=994"}],"version-history":[{"count":4,"href":"https:\/\/technov8s.com\/fr\/wp-json\/wp\/v2\/pages\/994\/revisions"}],"predecessor-version":[{"id":1111,"href":"https:\/\/technov8s.com\/fr\/wp-json\/wp\/v2\/pages\/994\/revisions\/1111"}],"wp:attachment":[{"href":"https:\/\/technov8s.com\/fr\/wp-json\/wp\/v2\/media?parent=994"}],"curies":[{"name":"wp","href":"https:\/\/api.w.org\/{rel}","templated":true}]}}